{"id":3,"date":"2025-10-08T12:22:21","date_gmt":"2025-10-08T12:22:21","guid":{"rendered":"https:\/\/www.blaclinic.com\/?page_id=3"},"modified":"2025-10-21T08:00:58","modified_gmt":"2025-10-21T08:00:58","slug":"politica-de-privacidad","status":"publish","type":"page","link":"https:\/\/www.blaclinic.com\/index.php\/politica-de-privacidad\/","title":{"rendered":"Pol\u00edtica de Privacidad"},"content":{"rendered":"<div class=\"fusion-fullwidth fullwidth-box fusion-builder-row-1 fusion-flex-container nonhundred-percent-fullwidth non-hundred-percent-height-scrolling\" style=\"--awb-border-radius-top-left:0px;--awb-border-radius-top-right:0px;--awb-border-radius-bottom-right:0px;--awb-border-radius-bottom-left:0px;--awb-flex-wrap:wrap;\" ><div class=\"fusion-builder-row fusion-row fusion-flex-align-items-flex-start fusion-flex-content-wrap\" style=\"max-width:1248px;margin-left: calc(-4% \/ 2 );margin-right: calc(-4% \/ 2 );\"><div class=\"fusion-layout-column fusion_builder_column fusion-builder-column-0 fusion_builder_column_1_1 1_1 fusion-flex-column\" style=\"--awb-bg-size:cover;--awb-width-large:100%;--awb-margin-top-large:0px;--awb-spacing-right-large:1.92%;--awb-margin-bottom-large:0px;--awb-spacing-left-large:1.92%;--awb-width-medium:100%;--awb-spacing-right-medium:1.92%;--awb-spacing-left-medium:1.92%;--awb-width-small:100%;--awb-spacing-right-small:1.92%;--awb-spacing-left-small:1.92%;\"><div class=\"fusion-column-wrapper fusion-flex-justify-content-flex-start fusion-content-layout-column\"><div class=\"fusion-text fusion-text-1\" style=\"--awb-text-color:var(--awb-color2);\"><\/p>\n<h2 class=\"wp-block-heading fusion-responsive-typography-calculated\" data-fontsize=\"42\" data-lineheight=\"50.400002px\" style=\"--fontSize: 42; line-height: 1.2;\">\n<p style=\"color: var(--awb-color2); font-size: 24px;\" data-fusion-font=\"true\">Pol\u00edtica de Privacidad<\/p>\n<p style=\"color: var(--awb-color2); font-size: 15px;\" data-fusion-font=\"true\">Responsable de Tratamiento:<\/p>\n<p style=\"color: var(--awb-color2); font-size: 15px;\" data-fusion-font=\"true\"><span style=\"font-weight: normal;\">Cristina Ruiz Alhama, con CIF: 50625700-D y direcci\u00f3n postal: Avda. Escultora la Roldana, 5, local 11. 41500. Alcal\u00e1 de Guada\u00edra. Sevilla<\/span><\/p>\n<p style=\"color: var(--awb-color2); font-size: 15px;\" data-fusion-font=\"true\"><span style=\"font-weight: normal;\">Tel\u00e9fono: 685744776. E-mail: c.ruiz@blaclinic.com<\/span><\/p>\n<p style=\"color: var(--awb-color2); font-size: 15px;\" data-fusion-font=\"true\"><span style=\"font-weight: normal;\">Delegado de Protecci\u00f3n de Datos:<\/span><\/p>\n<p style=\"color: var(--awb-color2); font-size: 15px;\" data-fusion-font=\"true\"><span style=\"font-weight: normal;\">Datasur Protecci\u00f3n de Datos, S.L.<\/span><\/p>\n<p style=\"color: var(--awb-color2); font-size: 15px;\" data-fusion-font=\"true\"><span style=\"font-weight: normal;\">Telf.: 958 958230. E-mail: dpd@data-sur.com. Chat: https:\/\/www.data-sur.com\/<\/span><\/p>\n<p style=\"color: var(--awb-color2); font-size: 15px;\" data-fusion-font=\"true\">Finalidad:<\/p>\n<p style=\"color: var(--awb-color2); font-size: 15px;\" data-fusion-font=\"true\"><span style=\"font-weight: normal;\">En clinicaalhama.com tratamos la informaci\u00f3n que nos facilita seg\u00fan el Reglamento General de Protecci\u00f3n de Datos y Ley Org\u00e1nica de Protecci\u00f3n de Datos Personales y Garant\u00eda de Derechos Digitales, con el fin de gestionar los servicios o productos que le prestamos o nos demanda mediante la p\u00e1gina Web. Todos los datos solicitados (nombre, e-mail, y aquellos incluidos en la consulta) son estrictamente necesarios para la gesti\u00f3n de las consultas formuladas, incluyendo la existencia de posibles decisiones automatizadas, no elaborando perfiles en ning\u00fan caso.<\/span><\/p>\n<p style=\"color: var(--awb-color2); font-size: 15px;\" data-fusion-font=\"true\">Almacenamiento:<\/p>\n<p style=\"color: var(--awb-color2); font-size: 15px;\" data-fusion-font=\"true\"><span style=\"font-weight: normal;\">Sus datos personales van a ser almacenados en el Registro de Actividades de Tratamiento: Formularios de Contacto Web. La finalidad de dicho tratamiento es la gesti\u00f3n de las consultas recibidas a trav\u00e9s de los formularios de contacto de la web por parte de los usuarios.<\/span><\/p>\n<p style=\"color: var(--awb-color2); font-size: 15px;\" data-fusion-font=\"true\">Conservaci\u00f3n:<\/p>\n<p style=\"color: var(--awb-color2); font-size: 15px;\" data-fusion-font=\"true\"><span style=\"font-weight: normal;\">Los datos proporcionados se conservar\u00e1n durante el tiempo necesario para la tramitaci\u00f3n y respuesta de la consulta, cumpliendo con la finalidad para la que se recaban o durante los a\u00f1os necesarios para cumplir con las obligaciones legales.<\/span><\/p>\n<p style=\"color: var(--awb-color2); font-size: 15px;\" data-fusion-font=\"true\">Comunicaci\u00f3n y Transferencia Internacional:<\/p>\n<p style=\"color: var(--awb-color2); font-size: 15px;\" data-fusion-font=\"true\"><span style=\"font-weight: normal;\">Los datos no se ceder\u00e1n a terceros salvo en los casos en que exista una obligaci\u00f3n legal y para la prestaci\u00f3n de los servicios ofertados, as\u00ed haya que hacerlo y no est\u00e1n previstas las transferencias internacionales de datos.<\/span><\/p>\n<p style=\"color: var(--awb-color2); font-size: 15px;\" data-fusion-font=\"true\">Legitimaci\u00f3n:<\/p>\n<p style=\"color: var(--awb-color2); font-size: 15px;\" data-fusion-font=\"true\"><span style=\"font-weight: normal;\">El tratamiento de sus datos est\u00e1 legitimado mediante el consentimiento expreso del interesado, que voluntariamente los remite a trav\u00e9s del formulario mediante una clara acci\u00f3n afirmativa.<\/span><\/p>\n<p style=\"color: var(--awb-color2); font-size: 15px;\" data-fusion-font=\"true\">Edad:<\/p>\n<p style=\"color: var(--awb-color2); font-size: 15px;\" data-fusion-font=\"true\"><span style=\"font-weight: normal;\">Los usuarios menores de 14 a\u00f1os necesitan el consentimiento de sus padres, tutores o representantes legales para la realizaci\u00f3n de la consulta a trav\u00e9s del formulario. El usuario reconoce ser mayor de 14 a\u00f1os de edad o disponer del correspondiente consentimiento de sus padres, tutores o representantes legales para formular la consulta.<\/span><\/p>\n<p style=\"color: var(--awb-color2); font-size: 15px;\" data-fusion-font=\"true\">Derechos:<\/p>\n<p style=\"color: var(--awb-color2); font-size: 15px;\" data-fusion-font=\"true\"><span style=\"font-weight: normal;\">Usted tiene derecho a obtener confirmaci\u00f3n sobre si en BlaClinic (Cristina Ruiz Alhama) estamos tratando sus datos personales, por tanto tiene derecho a acceder a sus datos personales, rectificar los datos inexactos o solicitar su supresi\u00f3n cuando los datos ya no sean necesarios, as\u00ed como el derecho a la limitaci\u00f3n u oposici\u00f3n a su tratamiento, portabilidad de sus datos y retirar el consentimiento aceptado al tratamiento de sus datos e incluso interponer reclamaci\u00f3n ante la Agencia Espa\u00f1ola de Protecci\u00f3n de Datos (https:\/\/www.aepd.es\/).<\/span><\/p>\n<p style=\"color: var(--awb-color2); font-size: 15px;\" data-fusion-font=\"true\">Comunicaciones Comerciales:<\/p>\n<p style=\"color: var(--awb-color2); font-size: 15px;\" data-fusion-font=\"true\"><span style=\"font-weight: normal;\">En lo referente a comunicaciones comerciales, BlaClinic (Cristina Ruiz Alhama) se compromete a NO REMITIR COMUNICACIONES COMERCIALES SIN IDENTIFICARLAS COMO TALES, conforme a lo dispuesto en la Ley 34\/2002 de Servicios de la Sociedad de la Informaci\u00f3n y de Comercio Electr\u00f3nico. No ser\u00e1 considerado como comunicaci\u00f3n comercial toda la informaci\u00f3n que se env\u00ede al Usuario del portal de BlaClinic (Cristina Ruiz Alhama) Siempre que tenga por finalidad el mantenimiento de la relaci\u00f3n contractual existente entre usuario y BlaClinic (Cristina Ruiz Alhama), as\u00ed como el desempe\u00f1o de las tareas de informaci\u00f3n, formaci\u00f3n y otras actividades propias del servicio que el cliente\/usuario pueda contratado con la Entidad.<\/span><\/p>\n<p style=\"color: var(--awb-color2); font-size: 15px;\" data-fusion-font=\"true\"><span style=\"font-weight: normal;\">BlaClinic (Cristina Ruiz Alhama), se compromete a trav\u00e9s de este medio a NO REALIZAR PUBLICIDAD ENGA\u00d1OSA. A estos efectos, por lo tanto, no ser\u00e1n considerados como publicidad enga\u00f1osa los errores formales o num\u00e9ricos que puedan encontrarse a lo largo del contenido de las distintas secciones de la web de BlaClinic (Cristina Ruiz Alhama), producidos como consecuencia de un mantenimiento y\/o actualizaci\u00f3n incompleta o defectuosa de la informaci\u00f3n contenida es estas secciones. BlaClinic (Cristina Ruiz Alhama), como consecuencia de lo dispuesto en este apartado, se compromete a corregirlo tan pronto como tenga conocimiento de dichos errores.<\/span><\/p>\n<p style=\"color: var(--awb-color2); font-size: 15px;\" data-fusion-font=\"true\"><span style=\"font-weight: normal;\">\u00a9 \u00ae Este texto est\u00e1 protegido por el derecho de autor y copyright, reserv\u00e1ndonos la posibilidad de llevar a cabo acciones legales en caso de su uso sin la correspondiente autorizaci\u00f3n.<\/span><\/p>\n<\/h2>\n<\/div><\/div><\/div><\/div><\/div>","protected":false},"excerpt":{"rendered":"","protected":false},"author":1,"featured_media":0,"parent":0,"menu_order":0,"comment_status":"closed","ping_status":"closed","template":"","meta":{"_joinchat":[],"footnotes":""},"class_list":["post-3","page","type-page","status-publish","hentry"],"yoast_head":"<!-- This site is optimized with the Yoast SEO plugin v27.2 - https:\/\/yoast.com\/product\/yoast-seo-wordpress\/ -->\n<title>Pol\u00edtica de Privacidad - BlaClinic<\/title>\n<meta name=\"robots\" content=\"index, follow, max-snippet:-1, max-image-preview:large, max-video-preview:-1\" \/>\n<link rel=\"canonical\" href=\"https:\/\/www.blaclinic.com\/index.php\/politica-de-privacidad\/\" \/>\n<meta property=\"og:locale\" content=\"es_ES\" \/>\n<meta property=\"og:type\" content=\"article\" \/>\n<meta property=\"og:title\" content=\"Pol\u00edtica de Privacidad - BlaClinic\" \/>\n<meta property=\"og:url\" content=\"https:\/\/www.blaclinic.com\/index.php\/politica-de-privacidad\/\" \/>\n<meta property=\"og:site_name\" content=\"BlaClinic\" \/>\n<meta property=\"article:modified_time\" content=\"2025-10-21T08:00:58+00:00\" \/>\n<meta name=\"twitter:card\" content=\"summary_large_image\" \/>\n<meta name=\"twitter:label1\" content=\"Tiempo de lectura\" \/>\n\t<meta name=\"twitter:data1\" content=\"4 minutos\" \/>\n<script type=\"application\/ld+json\" class=\"yoast-schema-graph\">{\"@context\":\"https:\/\/schema.org\",\"@graph\":[{\"@type\":\"WebPage\",\"@id\":\"https:\/\/www.blaclinic.com\/index.php\/politica-de-privacidad\/\",\"url\":\"https:\/\/www.blaclinic.com\/index.php\/politica-de-privacidad\/\",\"name\":\"Pol\u00edtica de Privacidad - BlaClinic\",\"isPartOf\":{\"@id\":\"https:\/\/www.blaclinic.com\/#website\"},\"datePublished\":\"2025-10-08T12:22:21+00:00\",\"dateModified\":\"2025-10-21T08:00:58+00:00\",\"breadcrumb\":{\"@id\":\"https:\/\/www.blaclinic.com\/index.php\/politica-de-privacidad\/#breadcrumb\"},\"inLanguage\":\"es\",\"potentialAction\":[{\"@type\":\"ReadAction\",\"target\":[\"https:\/\/www.blaclinic.com\/index.php\/politica-de-privacidad\/\"]}]},{\"@type\":\"BreadcrumbList\",\"@id\":\"https:\/\/www.blaclinic.com\/index.php\/politica-de-privacidad\/#breadcrumb\",\"itemListElement\":[{\"@type\":\"ListItem\",\"position\":1,\"name\":\"Portada\",\"item\":\"https:\/\/www.blaclinic.com\/\"},{\"@type\":\"ListItem\",\"position\":2,\"name\":\"Pol\u00edtica de Privacidad\"}]},{\"@type\":\"WebSite\",\"@id\":\"https:\/\/www.blaclinic.com\/#website\",\"url\":\"https:\/\/www.blaclinic.com\/\",\"name\":\"BlaClinic\",\"description\":\"Logopedia Cl\u00ednica\",\"potentialAction\":[{\"@type\":\"SearchAction\",\"target\":{\"@type\":\"EntryPoint\",\"urlTemplate\":\"https:\/\/www.blaclinic.com\/?s={search_term_string}\"},\"query-input\":{\"@type\":\"PropertyValueSpecification\",\"valueRequired\":true,\"valueName\":\"search_term_string\"}}],\"inLanguage\":\"es\"}]}<\/script>\n<!-- \/ Yoast SEO plugin. -->","yoast_head_json":{"title":"Pol\u00edtica de Privacidad - BlaClinic","robots":{"index":"index","follow":"follow","max-snippet":"max-snippet:-1","max-image-preview":"max-image-preview:large","max-video-preview":"max-video-preview:-1"},"canonical":"https:\/\/www.blaclinic.com\/index.php\/politica-de-privacidad\/","og_locale":"es_ES","og_type":"article","og_title":"Pol\u00edtica de Privacidad - BlaClinic","og_url":"https:\/\/www.blaclinic.com\/index.php\/politica-de-privacidad\/","og_site_name":"BlaClinic","article_modified_time":"2025-10-21T08:00:58+00:00","twitter_card":"summary_large_image","twitter_misc":{"Tiempo de lectura":"4 minutos"},"schema":{"@context":"https:\/\/schema.org","@graph":[{"@type":"WebPage","@id":"https:\/\/www.blaclinic.com\/index.php\/politica-de-privacidad\/","url":"https:\/\/www.blaclinic.com\/index.php\/politica-de-privacidad\/","name":"Pol\u00edtica de Privacidad - BlaClinic","isPartOf":{"@id":"https:\/\/www.blaclinic.com\/#website"},"datePublished":"2025-10-08T12:22:21+00:00","dateModified":"2025-10-21T08:00:58+00:00","breadcrumb":{"@id":"https:\/\/www.blaclinic.com\/index.php\/politica-de-privacidad\/#breadcrumb"},"inLanguage":"es","potentialAction":[{"@type":"ReadAction","target":["https:\/\/www.blaclinic.com\/index.php\/politica-de-privacidad\/"]}]},{"@type":"BreadcrumbList","@id":"https:\/\/www.blaclinic.com\/index.php\/politica-de-privacidad\/#breadcrumb","itemListElement":[{"@type":"ListItem","position":1,"name":"Portada","item":"https:\/\/www.blaclinic.com\/"},{"@type":"ListItem","position":2,"name":"Pol\u00edtica de Privacidad"}]},{"@type":"WebSite","@id":"https:\/\/www.blaclinic.com\/#website","url":"https:\/\/www.blaclinic.com\/","name":"BlaClinic","description":"Logopedia Cl\u00ednica","potentialAction":[{"@type":"SearchAction","target":{"@type":"EntryPoint","urlTemplate":"https:\/\/www.blaclinic.com\/?s={search_term_string}"},"query-input":{"@type":"PropertyValueSpecification","valueRequired":true,"valueName":"search_term_string"}}],"inLanguage":"es"}]}},"_links":{"self":[{"href":"https:\/\/www.blaclinic.com\/index.php\/wp-json\/wp\/v2\/pages\/3","targetHints":{"allow":["GET"]}}],"collection":[{"href":"https:\/\/www.blaclinic.com\/index.php\/wp-json\/wp\/v2\/pages"}],"about":[{"href":"https:\/\/www.blaclinic.com\/index.php\/wp-json\/wp\/v2\/types\/page"}],"author":[{"embeddable":true,"href":"https:\/\/www.blaclinic.com\/index.php\/wp-json\/wp\/v2\/users\/1"}],"replies":[{"embeddable":true,"href":"https:\/\/www.blaclinic.com\/index.php\/wp-json\/wp\/v2\/comments?post=3"}],"version-history":[{"count":3,"href":"https:\/\/www.blaclinic.com\/index.php\/wp-json\/wp\/v2\/pages\/3\/revisions"}],"predecessor-version":[{"id":1750,"href":"https:\/\/www.blaclinic.com\/index.php\/wp-json\/wp\/v2\/pages\/3\/revisions\/1750"}],"wp:attachment":[{"href":"https:\/\/www.blaclinic.com\/index.php\/wp-json\/wp\/v2\/media?parent=3"}],"curies":[{"name":"wp","href":"https:\/\/api.w.org\/{rel}","templated":true}]}}