{"id":1769,"date":"2025-10-21T08:37:32","date_gmt":"2025-10-21T08:37:32","guid":{"rendered":"https:\/\/www.blaclinic.com\/?page_id=1769"},"modified":"2025-10-21T08:42:26","modified_gmt":"2025-10-21T08:42:26","slug":"politica-de-cookies","status":"publish","type":"page","link":"https:\/\/www.blaclinic.com\/index.php\/politica-de-cookies\/","title":{"rendered":"Pol\u00edtica de Cookies"},"content":{"rendered":"<div class=\"fusion-fullwidth fullwidth-box fusion-builder-row-1 fusion-flex-container nonhundred-percent-fullwidth non-hundred-percent-height-scrolling\" style=\"--awb-border-radius-top-left:0px;--awb-border-radius-top-right:0px;--awb-border-radius-bottom-right:0px;--awb-border-radius-bottom-left:0px;--awb-flex-wrap:wrap;\" ><div class=\"fusion-builder-row fusion-row fusion-flex-align-items-flex-start fusion-flex-content-wrap\" style=\"max-width:1248px;margin-left: calc(-4% \/ 2 );margin-right: calc(-4% \/ 2 );\"><div class=\"fusion-layout-column fusion_builder_column fusion-builder-column-0 fusion_builder_column_1_1 1_1 fusion-flex-column\" style=\"--awb-bg-size:cover;--awb-width-large:100%;--awb-margin-top-large:0px;--awb-spacing-right-large:1.92%;--awb-margin-bottom-large:0px;--awb-spacing-left-large:1.92%;--awb-width-medium:100%;--awb-spacing-right-medium:1.92%;--awb-spacing-left-medium:1.92%;--awb-width-small:100%;--awb-spacing-right-small:1.92%;--awb-spacing-left-small:1.92%;\"><div class=\"fusion-column-wrapper fusion-flex-justify-content-flex-start fusion-content-layout-column\"><div class=\"fusion-text fusion-text-1\" style=\"--awb-text-color:var(--awb-color2);\"><\/p>\n<h2 class=\"wp-block-heading fusion-responsive-typography-calculated\" data-fontsize=\"42\" data-lineheight=\"50.400002px\" style=\"--fontSize: 42; line-height: 1.2;\">\n<p data-fusion-font=\"true\" style=\"font-size: 24px; color: var(--awb-color2);\">Pol\u00edtica de Cookies<\/p>\n<p data-fusion-font=\"true\" style=\"font-size: 14px; color: var(--awb-color2);\">COOKIES<\/p>\n<p data-fusion-font=\"true\" style=\"font-size: 14px; color: var(--awb-color2);\"><span style=\"font-weight: normal;\">Este sitio Web utiliza cookies y\/o tecnolog\u00edas similares que almacenan y recuperan informaci\u00f3n cuando navegas. En general estas tecnolog\u00edas pueden servir para finalidades muy diversas como por ejemplo, reconocerte como usuario, obtener informaci\u00f3n sobre tus h\u00e1bitos de navegaci\u00f3n o personalizar la forma en que se muestra el contenido.<\/span><\/p>\n<p data-fusion-font=\"true\" style=\"font-size: 14px; color: var(--awb-color2);\">Tipos de Cookies:<\/p>\n<p data-fusion-font=\"true\" style=\"font-size: 14px; color: var(--awb-color2);\"><span style=\"font-weight: normal;\">Existen diferentes tipos de cookies, las cuales pueden ser clasificadas:<\/span><\/p>\n<p data-fusion-font=\"true\" style=\"font-size: 14px; color: var(--awb-color2);\"><span style=\"font-weight: normal;\">\u2022 Seg\u00fan qui\u00e9n sea la entidad que gestione el equipo o dominio desde donde se env\u00edan las cookies y trate los datos que se obtengan:<\/span><\/p>\n<p data-fusion-font=\"true\" style=\"font-size: 14px; color: var(--awb-color2);\"><span style=\"font-weight: normal;\">Cookies propias:<\/span> <span style=\"font-weight: normal;\">son aquellas que se env\u00edan al equipo terminal del usuario desde un equipo o dominio gestionado por el propio editor y desde el que se presta el servicio solicitado por el usuario.<\/span><\/p>\n<p data-fusion-font=\"true\" style=\"font-size: 14px; color: var(--awb-color2);\"><span style=\"font-weight: normal;\">Cookies de terceros:<\/span> <span style=\"font-weight: normal;\">son aquellas que se env\u00edan al equipo terminal del usuario desde un equipo o dominio que no es gestionado por el editor, sino por otra entidad que trata los datos obtenidos trav\u00e9s de las cookies.<\/span><\/p>\n<p data-fusion-font=\"true\" style=\"font-size: 14px; color: var(--awb-color2);\"><span style=\"font-weight: normal;\">Tenga en cuenta que si acepta las cookies de terceros, deber\u00e1 eliminarlas desde las opciones del navegador.<\/span><\/p>\n<p data-fusion-font=\"true\" style=\"font-size: 14px; color: var(--awb-color2);\"><span style=\"font-weight: normal;\">\u2022 Seg\u00fan su finalidad a la hora de obtener informaci\u00f3n acerca del usuario:<\/span><\/p>\n<p data-fusion-font=\"true\" style=\"font-size: 14px; color: var(--awb-color2);\"><span style=\"font-weight: normal;\">Cookies t\u00e9cnicas: Son aquellas que resultan imprescindibles para permitir al usuario la navegaci\u00f3n a trav\u00e9s de una p\u00e1gina web, aplicaci\u00f3n o plataforma, como por ejemplo, las que permiten almacenar los datos de un pedido online.<\/span><\/p>\n<p data-fusion-font=\"true\" style=\"font-size: 14px; color: var(--awb-color2);\"><span style=\"font-weight: normal;\">\u2022\u200bCookies de personalizaci\u00f3n o de preferencias: son aquellas que permiten recordar informaci\u00f3n para que el usuario acceda al servicio con determinadas caracter\u00edsticas que pueden diferenciar suexperiencia de la de otros usuarios, como por ejemplo, el idioma.<\/span><\/p>\n<p data-fusion-font=\"true\" style=\"font-size: 14px; color: var(--awb-color2);\"><span style=\"font-weight: normal;\">\u2022\u200bCookies de an\u00e1lisis o mediaci\u00f3n: son aquellas que permiten al responsable de las mismas el seguimiento y an\u00e1lisis del comportamiento de los usuarios de los sitios web, aplicaci\u00f3n o plataforma.<\/span><\/p>\n<p data-fusion-font=\"true\" style=\"font-size: 14px; color: var(--awb-color2);\"><span style=\"font-weight: normal;\">\u2022\u200bCookies de publicidad comportamental: son aquellas que almacenan informaci\u00f3n delcomportamiento de los usuarios obtenida a trav\u00e9s de la observaci\u00f3n continuada de sus h\u00e1bitos de navegaci\u00f3n, lo que permite desarrollar un perfil espec\u00edfico para mostrar publicidad en funci\u00f3n del mismo.<\/span><\/p>\n<p data-fusion-font=\"true\" style=\"font-size: 14px; color: var(--awb-color2);\"><span style=\"font-weight: normal;\">\u2022 Seg\u00fan el plazo de tiempo que permanecen activadas en el equipo terminal:<\/span><\/p>\n<p data-fusion-font=\"true\" style=\"font-size: 14px; color: var(--awb-color2);\">\u200b<span style=\"font-weight: normal;\">Cookies de sesi\u00f3n: son aquellas dise\u00f1adas para recabar y almacenar datos mientras el usuario accede a una p\u00e1gina web. Se suelen emplear para almacenar informaci\u00f3n que solo interesa conservar para la prestaci\u00f3n del servicio solicitado por el usuario en una sola ocasi\u00f3n y desaparecen al terminar la sesi\u00f3n, como por ejemplo una lista de productos adq\u200buiridos.<\/span><\/p>\n<p data-fusion-font=\"true\" style=\"font-size: 14px; color: var(--awb-color2);\"><span style=\"font-weight: normal;\">\u200bCookies Persistentes: son aquellas en las que los datos siguen almacenados en el terminal y pueden ser accedidos y tratados durante un periodo definido por el responsable de la cookie.<\/span><\/p>\n<p data-fusion-font=\"true\" style=\"font-size: 14px; color: var(--awb-color2);\"><span style=\"font-weight: normal;\">Puede obtener m\u00e1s informaci\u00f3n sobre las cookies y su uso en www.aboutcookies.org.<\/span><\/p>\n<p data-fusion-font=\"true\" style=\"font-size: 14px; color: var(--awb-color2);\"><span style=\"font-weight: normal;\">Usted puede permitir o bloquear las Cookies, as\u00ed como borrar los datos de navegaci\u00f3n (incluidas las cookies) desde el navegador que usted utiliza. Consulte las opciones e instrucciones que ofrece su navegador para ello.<\/span><\/p>\n<p data-fusion-font=\"true\" style=\"font-size: 14px; color: var(--awb-color2);\">Como administrar las cookies desde su navegador<\/p>\n<p data-fusion-font=\"true\" style=\"font-size: 14px; color: var(--awb-color2);\"><span style=\"font-weight: normal;\">Si quiere deshabilitar o eliminar las cookies a trav\u00e9s de la configuraci\u00f3n del navegador, le facilitamos el acceso a los principales navegadores de internet para la configuraci\u00f3n de cookies:<\/span><\/p>\n<p data-fusion-font=\"true\" style=\"font-size: 14px; color: var(--awb-color2);\"><span style=\"font-weight: normal;\">Google Chrome: https:\/\/support.google.com\/chrome\/answer\/95647?hl=es<\/span><\/p>\n<p data-fusion-font=\"true\" style=\"font-size: 14px; color: var(--awb-color2);\"><span style=\"font-weight: normal;\">Mozilla Firefox:https:\/\/support.mozilla.org\/es\/kb\/cookies-informacion-que-los-sitios-web-guardan-en-?redirectlocale=en-US&amp;redirectslug=Cookies<\/span><\/p>\n<p data-fusion-font=\"true\" style=\"font-size: 14px; color: var(--awb-color2);\"><span style=\"font-weight: normal;\">Internet Explorer: https:\/\/support.microsoft.com\/es-es\/help\/278835\/how-to-delete-cookie-files-in-internet-explorer<\/span><\/p>\n<p data-fusion-font=\"true\" style=\"font-size: 14px; color: var(--awb-color2);\"><span style=\"font-weight: normal;\">Safari: https:\/\/support.apple.com\/es-es\/HT201265<\/span><\/p>\n<p data-fusion-font=\"true\" style=\"font-size: 14px; color: var(--awb-color2);\"><span style=\"font-weight: normal;\">Para m\u00e1s informaci\u00f3n sobre otros navegadores puedes consultar en https:\/\/www.aboutcookies.org\/how-to-control-cookies\/.<\/span><\/p>\n<p data-fusion-font=\"true\" style=\"font-size: 14px; color: var(--awb-color2);\">Cookies en dispositivos m\u00f3viles:<\/p>\n<p data-fusion-font=\"true\" style=\"font-size: 14px; color: var(--awb-color2);\"><span style=\"font-weight: normal;\">El sitio web tambi\u00e9n puede usar cookies u otros dispositivos de almacenamiento en dispositivos m\u00f3viles.Al igual que sucede en los navegadores de ordenadores, lo navegadores de los dispositivos m\u00f3viles permiten realizar cambios en las opciones o ajustes de privacidad para desactivar o eliminar las cookies.<\/span><\/p>\n<p data-fusion-font=\"true\" style=\"font-size: 14px; color: var(--awb-color2);\"><span style=\"font-weight: normal;\">Si desea modificar las opciones de privacidad siga las instrucciones especificadas por el desarrollador de su navegador para dispositivo m\u00f3vil.<\/span><\/p>\n<p data-fusion-font=\"true\" style=\"font-size: 14px; color: var(--awb-color2);\"><span style=\"font-weight: normal;\">A continuaci\u00f3n, podr\u00e1 encontrar algunos ejemplos de los links que le guiar\u00e1n para modificar las opciones de privacidad en su dispositivo m\u00f3vil:<\/span><\/p>\n<p data-fusion-font=\"true\" style=\"font-size: 14px; color: var(--awb-color2);\"><span style=\"font-weight: normal;\">\u200bIOS: (http:\/\/goo.gl\/61xevS)<\/span><\/p>\n<p data-fusion-font=\"true\" style=\"font-size: 14px; color: var(--awb-color2);\"><span style=\"font-weight: normal;\">\u200bWindows Phone : ( https:\/\/goo.gl\/tKyb0y )<\/span><\/p>\n<p data-fusion-font=\"true\" style=\"font-size: 14px; color: var(--awb-color2);\"><span style=\"font-weight: normal;\">\u200bChrome Mobile : ( http:\/\/goo.gl\/XJp7N )<\/span><\/p>\n<p data-fusion-font=\"true\" style=\"font-size: 14px; color: var(--awb-color2);\"><span style=\"font-weight: normal;\">\u200bOpera Mobile : ( http:\/\/goo.gl\/Nzr8s7)<\/span><\/p>\n<p data-fusion-font=\"true\" style=\"font-size: 14px; color: var(--awb-color2);\"><span style=\"font-weight: normal;\">En caso de que se deshabiliten las cookies, algunas funcionalidades de la web podr\u00edan quedar inoperativas.<\/span><\/p>\n<p data-fusion-font=\"true\" style=\"font-size: 14px; color: var(--awb-color2);\">Responsable:<\/p>\n<p data-fusion-font=\"true\" style=\"font-size: 14px; color: var(--awb-color2);\"><span style=\"font-weight: normal;\">BlaClinic (Cristina Ruiz Alhama), con CIF: 50625700-D y direcci\u00f3n postal: Avda. Escultora la Roldana, 5, local 11.41500.Alcal\u00e1 de Guada\u00edra. Sevilla. Tel\u00e9fono: 685744776. E-mail: hola@clinicaalhama.com<\/span><\/p>\n<p data-fusion-font=\"true\" style=\"font-size: 14px; color: var(--awb-color2);\">Cookies usadas en esta web:<\/p>\n<p data-fusion-font=\"true\" style=\"font-size: 14px; color: var(--awb-color2);\"><span style=\"font-weight: normal;\">Cookies propias:<\/span><\/p>\n<p data-fusion-font=\"true\" style=\"font-size: 14px; color: var(--awb-color2);\"><span style=\"font-weight: normal;\">Estas cookies son necesarias para el buen funcionamiento de la p\u00e1gina web. El usuario no podr\u00e1 desactivarlas.<\/span><\/p>\n<p data-fusion-font=\"true\" style=\"font-size: 14px; color: var(--awb-color2);\"><span style=\"font-weight: normal;\">Cookies de Terceros:<\/span><\/p>\n<p data-fusion-font=\"true\" style=\"font-size: 14px; color: var(--awb-color2);\"><span style=\"font-weight: normal;\">Para conocer las Cookies de terceros piche en cada enlace y podr\u00e1 comprobar las cookies usadas, su finalidad, el tipo que es y su caducidad.<\/span><\/p>\n<p data-fusion-font=\"true\" style=\"font-size: 14px; color: var(--awb-color2);\"><span style=\"font-weight: normal;\">Cookies de WhatsApp:<\/span><\/p>\n<p data-fusion-font=\"true\" style=\"font-size: 14px; color: var(--awb-color2);\"><span style=\"font-weight: normal;\">Utiliza cookies para recordar la preferencia del idioma y para proporcionar soporte al chat. Para consultar la pol\u00edtica de privacidad de WhatsApp puede pinchar en el enlace: https:\/\/www.whatsapp.com\/legal\/privacy-policy?lang=ca<\/span><\/p>\n<p data-fusion-font=\"true\" style=\"font-size: 14px; color: var(--awb-color2);\"><span style=\"font-weight: normal;\">\u200b\u200bFecha de \u00faltima revisi\u00f3n: Febrero 2025<\/span><\/p>\n<\/h2>\n<\/div><\/div><\/div><\/div><\/div>","protected":false},"excerpt":{"rendered":"","protected":false},"author":2,"featured_media":0,"parent":0,"menu_order":0,"comment_status":"closed","ping_status":"closed","template":"","meta":{"_joinchat":[],"footnotes":""},"class_list":["post-1769","page","type-page","status-publish","hentry"],"yoast_head":"<!-- This site is optimized with the Yoast SEO plugin v27.2 - https:\/\/yoast.com\/product\/yoast-seo-wordpress\/ -->\n<title>Pol\u00edtica de Cookies - BlaClinic<\/title>\n<meta name=\"robots\" content=\"index, follow, max-snippet:-1, max-image-preview:large, max-video-preview:-1\" \/>\n<link rel=\"canonical\" href=\"https:\/\/www.blaclinic.com\/index.php\/politica-de-cookies\/\" \/>\n<meta property=\"og:locale\" content=\"es_ES\" \/>\n<meta property=\"og:type\" content=\"article\" \/>\n<meta property=\"og:title\" content=\"Pol\u00edtica de Cookies - BlaClinic\" \/>\n<meta property=\"og:url\" content=\"https:\/\/www.blaclinic.com\/index.php\/politica-de-cookies\/\" \/>\n<meta property=\"og:site_name\" content=\"BlaClinic\" \/>\n<meta property=\"article:modified_time\" content=\"2025-10-21T08:42:26+00:00\" \/>\n<meta name=\"twitter:card\" content=\"summary_large_image\" \/>\n<meta name=\"twitter:label1\" content=\"Tiempo de lectura\" \/>\n\t<meta name=\"twitter:data1\" content=\"5 minutos\" \/>\n<script type=\"application\/ld+json\" class=\"yoast-schema-graph\">{\"@context\":\"https:\/\/schema.org\",\"@graph\":[{\"@type\":\"WebPage\",\"@id\":\"https:\/\/www.blaclinic.com\/index.php\/politica-de-cookies\/\",\"url\":\"https:\/\/www.blaclinic.com\/index.php\/politica-de-cookies\/\",\"name\":\"Pol\u00edtica de Cookies - BlaClinic\",\"isPartOf\":{\"@id\":\"https:\/\/www.blaclinic.com\/#website\"},\"datePublished\":\"2025-10-21T08:37:32+00:00\",\"dateModified\":\"2025-10-21T08:42:26+00:00\",\"breadcrumb\":{\"@id\":\"https:\/\/www.blaclinic.com\/index.php\/politica-de-cookies\/#breadcrumb\"},\"inLanguage\":\"es\",\"potentialAction\":[{\"@type\":\"ReadAction\",\"target\":[\"https:\/\/www.blaclinic.com\/index.php\/politica-de-cookies\/\"]}]},{\"@type\":\"BreadcrumbList\",\"@id\":\"https:\/\/www.blaclinic.com\/index.php\/politica-de-cookies\/#breadcrumb\",\"itemListElement\":[{\"@type\":\"ListItem\",\"position\":1,\"name\":\"Portada\",\"item\":\"https:\/\/www.blaclinic.com\/\"},{\"@type\":\"ListItem\",\"position\":2,\"name\":\"Pol\u00edtica de Cookies\"}]},{\"@type\":\"WebSite\",\"@id\":\"https:\/\/www.blaclinic.com\/#website\",\"url\":\"https:\/\/www.blaclinic.com\/\",\"name\":\"BlaClinic\",\"description\":\"Logopedia Cl\u00ednica\",\"potentialAction\":[{\"@type\":\"SearchAction\",\"target\":{\"@type\":\"EntryPoint\",\"urlTemplate\":\"https:\/\/www.blaclinic.com\/?s={search_term_string}\"},\"query-input\":{\"@type\":\"PropertyValueSpecification\",\"valueRequired\":true,\"valueName\":\"search_term_string\"}}],\"inLanguage\":\"es\"}]}<\/script>\n<!-- \/ Yoast SEO plugin. -->","yoast_head_json":{"title":"Pol\u00edtica de Cookies - BlaClinic","robots":{"index":"index","follow":"follow","max-snippet":"max-snippet:-1","max-image-preview":"max-image-preview:large","max-video-preview":"max-video-preview:-1"},"canonical":"https:\/\/www.blaclinic.com\/index.php\/politica-de-cookies\/","og_locale":"es_ES","og_type":"article","og_title":"Pol\u00edtica de Cookies - BlaClinic","og_url":"https:\/\/www.blaclinic.com\/index.php\/politica-de-cookies\/","og_site_name":"BlaClinic","article_modified_time":"2025-10-21T08:42:26+00:00","twitter_card":"summary_large_image","twitter_misc":{"Tiempo de lectura":"5 minutos"},"schema":{"@context":"https:\/\/schema.org","@graph":[{"@type":"WebPage","@id":"https:\/\/www.blaclinic.com\/index.php\/politica-de-cookies\/","url":"https:\/\/www.blaclinic.com\/index.php\/politica-de-cookies\/","name":"Pol\u00edtica de Cookies - BlaClinic","isPartOf":{"@id":"https:\/\/www.blaclinic.com\/#website"},"datePublished":"2025-10-21T08:37:32+00:00","dateModified":"2025-10-21T08:42:26+00:00","breadcrumb":{"@id":"https:\/\/www.blaclinic.com\/index.php\/politica-de-cookies\/#breadcrumb"},"inLanguage":"es","potentialAction":[{"@type":"ReadAction","target":["https:\/\/www.blaclinic.com\/index.php\/politica-de-cookies\/"]}]},{"@type":"BreadcrumbList","@id":"https:\/\/www.blaclinic.com\/index.php\/politica-de-cookies\/#breadcrumb","itemListElement":[{"@type":"ListItem","position":1,"name":"Portada","item":"https:\/\/www.blaclinic.com\/"},{"@type":"ListItem","position":2,"name":"Pol\u00edtica de Cookies"}]},{"@type":"WebSite","@id":"https:\/\/www.blaclinic.com\/#website","url":"https:\/\/www.blaclinic.com\/","name":"BlaClinic","description":"Logopedia Cl\u00ednica","potentialAction":[{"@type":"SearchAction","target":{"@type":"EntryPoint","urlTemplate":"https:\/\/www.blaclinic.com\/?s={search_term_string}"},"query-input":{"@type":"PropertyValueSpecification","valueRequired":true,"valueName":"search_term_string"}}],"inLanguage":"es"}]}},"_links":{"self":[{"href":"https:\/\/www.blaclinic.com\/index.php\/wp-json\/wp\/v2\/pages\/1769","targetHints":{"allow":["GET"]}}],"collection":[{"href":"https:\/\/www.blaclinic.com\/index.php\/wp-json\/wp\/v2\/pages"}],"about":[{"href":"https:\/\/www.blaclinic.com\/index.php\/wp-json\/wp\/v2\/types\/page"}],"author":[{"embeddable":true,"href":"https:\/\/www.blaclinic.com\/index.php\/wp-json\/wp\/v2\/users\/2"}],"replies":[{"embeddable":true,"href":"https:\/\/www.blaclinic.com\/index.php\/wp-json\/wp\/v2\/comments?post=1769"}],"version-history":[{"count":2,"href":"https:\/\/www.blaclinic.com\/index.php\/wp-json\/wp\/v2\/pages\/1769\/revisions"}],"predecessor-version":[{"id":1771,"href":"https:\/\/www.blaclinic.com\/index.php\/wp-json\/wp\/v2\/pages\/1769\/revisions\/1771"}],"wp:attachment":[{"href":"https:\/\/www.blaclinic.com\/index.php\/wp-json\/wp\/v2\/media?parent=1769"}],"curies":[{"name":"wp","href":"https:\/\/api.w.org\/{rel}","templated":true}]}}