{"id":1712,"date":"2025-10-16T19:02:05","date_gmt":"2025-10-16T19:02:05","guid":{"rendered":"https:\/\/www.blaclinic.com\/?page_id=1712"},"modified":"2025-11-19T10:05:04","modified_gmt":"2025-11-19T10:05:04","slug":"realidad-virtual","status":"publish","type":"page","link":"https:\/\/www.blaclinic.com\/index.php\/servicios\/realidad-virtual\/","title":{"rendered":"Realidad Virtual"},"content":{"rendered":"<p><div class=\"fusion-fullwidth fullwidth-box fusion-builder-row-1 fusion-flex-container has-pattern-background has-mask-background nonhundred-percent-fullwidth non-hundred-percent-height-scrolling\" style=\"--awb-background-position:left center;--awb-border-radius-top-left:0px;--awb-border-radius-top-right:0px;--awb-border-radius-bottom-right:0px;--awb-border-radius-bottom-left:0px;--awb-padding-right:0px;--awb-padding-left:0px;--awb-background-color:rgba(8,24,28,0);--awb-flex-wrap:wrap;\" ><div class=\"fusion-builder-row fusion-row fusion-flex-align-items-stretch fusion-flex-content-wrap\" style=\"max-width:calc( 1200px + 0px );margin-left: calc(-0px \/ 2 );margin-right: calc(-0px \/ 2 );\"><div class=\"fusion-layout-column fusion_builder_column fusion-builder-column-0 fusion-flex-column fusion-animated\" style=\"--awb-padding-top:100px;--awb-padding-right:50px;--awb-padding-bottom:100px;--awb-padding-left:0%;--awb-padding-top-small:60px;--awb-padding-right-small:60px;--awb-padding-bottom-small:60px;--awb-padding-left-small:60px;--awb-bg-color:rgba(255,255,255,0);--awb-bg-color-hover:rgba(255,255,255,0);--awb-bg-position:center center;--awb-bg-size:;--awb-width-large:45%;--awb-margin-top-large:0px;--awb-spacing-right-large:0px;--awb-margin-bottom-large:0px;--awb-spacing-left-large:0px;--awb-width-medium:100%;--awb-order-medium:0;--awb-spacing-right-medium:0px;--awb-spacing-left-medium:0px;--awb-width-small:100%;--awb-order-small:0;--awb-spacing-right-small:0px;--awb-spacing-left-small:0px;\" data-animationType=\"fadeInLeft\" data-animationDuration=\"0.6\" data-animationOffset=\"top-into-view\" data-scroll-devices=\"small-visibility,medium-visibility,large-visibility\"><div class=\"fusion-column-wrapper fusion-column-has-shadow fusion-flex-justify-content-flex-start fusion-content-layout-column\"><div class=\"fusion-text fusion-text-1 fusion-text-no-margin\" style=\"--awb-font-size:14px;--awb-text-color:var(--awb-color3);--awb-margin-right:15%;--awb-margin-bottom:10px;--awb-text-font-family:&quot;Montserrat&quot;;--awb-text-font-style:normal;--awb-text-font-weight:400;\"><p>BLACLINIC<\/p>\n<\/div><div class=\"fusion-title title fusion-title-1 fusion-sep-none fusion-title-text fusion-title-size-one\" style=\"--awb-text-color:var(--awb-color2);--awb-margin-top:0px;--awb-margin-bottom:20px;--awb-margin-top-small:0px;--awb-font-size:28px;\"><h1 class=\"fusion-title-heading title-heading-left\" style=\"font-family:&quot;Montserrat&quot;;font-style:normal;font-weight:600;margin:0;font-size:1em;\">Incorporamos Realidad Virtual a nuestros tratamientos<\/h1><\/div><div class=\"fusion-text fusion-text-2 fusion-text-no-margin\" style=\"--awb-font-size:14px;--awb-text-color:var(--awb-color2);--awb-margin-bottom:20px;--awb-text-font-family:&quot;Montserrat&quot;;--awb-text-font-style:normal;--awb-text-font-weight:400;\"><p style=\"text-align: justify;\">La realidad virtual (RV) es un entorno de escenas u objetos de apariencia real. Dichos entornos son <span style=\"font-family: var(--awb-text-font-family); font-size: var(--awb-font-size); font-style: var(--awb-text-font-style); letter-spacing: var(--awb-letter-spacing); text-align: var(--awb-content-alignment); text-transform: var(--awb-text-transform);\">contemplados por el usuario a trav\u00e9s de un dispositivo conocido como gafas o casco de realidad virtual <\/span><span style=\"font-family: var(--awb-text-font-family); font-size: var(--awb-font-size); font-style: var(--awb-text-font-style); letter-spacing: var(--awb-letter-spacing); text-align: var(--awb-content-alignment); text-transform: var(--awb-text-transform);\">dispositivos, como guantes o trajes especiales, que permiten una mayor interacci\u00f3n con el entorno as\u00ed <\/span><span style=\"font-family: var(--awb-text-font-family); font-size: var(--awb-font-size); font-style: var(--awb-text-font-style); letter-spacing: var(--awb-letter-spacing); text-align: var(--awb-content-alignment); text-transform: var(--awb-text-transform);\">como la percepci\u00f3n de diferentes est\u00edmulos que intensifican la sensaci\u00f3n de realidad.<\/span><\/p>\n<p style=\"text-align: justify;\">Gracias a Psious podemos aplicar esta realidad virtual en entornos cl\u00ednico-sanitarios y BlaClinic Logopedia <span style=\"font-family: var(--awb-text-font-family); font-size: var(--awb-font-size); font-style: var(--awb-text-font-style); letter-spacing: var(--awb-letter-spacing); text-align: var(--awb-content-alignment); text-transform: var(--awb-text-transform);\">ya lo est\u00e1 utilizando entre sus pacientes.<\/span><\/p>\n<\/div><\/div><\/div><div class=\"fusion-layout-column fusion_builder_column fusion-builder-column-1 fusion-flex-column fusion-animated\" style=\"--awb-padding-left:50px;--awb-padding-top-small:60px;--awb-padding-right-small:60px;--awb-padding-bottom-small:60px;--awb-padding-left-small:60px;--awb-bg-position:left center;--awb-bg-size:cover;--awb-width-large:55%;--awb-margin-top-large:0px;--awb-spacing-right-large:0px;--awb-margin-bottom-large:0px;--awb-spacing-left-large:0px;--awb-width-medium:100%;--awb-order-medium:0;--awb-spacing-right-medium:0px;--awb-spacing-left-medium:0px;--awb-width-small:100%;--awb-order-small:0;--awb-spacing-right-small:0px;--awb-spacing-left-small:0px;\" data-animationType=\"fadeInLeft\" data-animationDuration=\"0.6\" data-animationOffset=\"top-into-view\" data-scroll-devices=\"small-visibility,medium-visibility,large-visibility\"><div class=\"fusion-column-wrapper lazyload fusion-column-has-shadow fusion-flex-justify-content-flex-start fusion-content-layout-column fusion-empty-column-bg-image fusion-column-has-bg-image\" data-bg-url=\"https:\/\/www.blaclinic.com\/wp-content\/uploads\/2025\/10\/realidad-virtual-en-tratamientos.jpg\" data-bg=\"https:\/\/www.blaclinic.com\/wp-content\/uploads\/2025\/10\/realidad-virtual-en-tratamientos.jpg\"><img decoding=\"async\" class=\"fusion-empty-dims-img-placeholder fusion-no-large-visibility\" aria-label=\"realidad-virtual-en-tratamientos\" src=\"data:image\/svg+xml,%3Csvg%20xmlns%3D%27http%3A%2F%2Fwww.w3.org%2F2000%2Fsvg%27%20width%3D%27600%27%20height%3D%27600%27%20viewBox%3D%270%200%20600%20600%27%3E%3Crect%20width%3D%27600%27%20height%3D%27600%27%20fill-opacity%3D%220%22%2F%3E%3C%2Fsvg%3E\"><\/div><\/div><\/div><\/div><div class=\"fusion-fullwidth fullwidth-box fusion-builder-row-2 fusion-flex-container has-pattern-background has-mask-background nonhundred-percent-fullwidth non-hundred-percent-height-scrolling\" style=\"--awb-border-radius-top-left:0px;--awb-border-radius-top-right:0px;--awb-border-radius-bottom-right:0px;--awb-border-radius-bottom-left:0px;--awb-margin-top:40px;--awb-flex-wrap:wrap;\" ><div class=\"fusion-builder-row fusion-row fusion-flex-align-items-flex-start fusion-flex-content-wrap\" style=\"max-width:1248px;margin-left: calc(-4% \/ 2 );margin-right: calc(-4% \/ 2 );\"><div class=\"fusion-layout-column fusion_builder_column fusion-builder-column-2 fusion_builder_column_1_1 1_1 fusion-flex-column\" style=\"--awb-bg-size:cover;--awb-width-large:100%;--awb-margin-top-large:0px;--awb-spacing-right-large:1.92%;--awb-margin-bottom-large:20px;--awb-spacing-left-large:1.92%;--awb-width-medium:100%;--awb-order-medium:0;--awb-spacing-right-medium:1.92%;--awb-spacing-left-medium:1.92%;--awb-width-small:100%;--awb-order-small:0;--awb-spacing-right-small:1.92%;--awb-spacing-left-small:1.92%;\"><div class=\"fusion-column-wrapper fusion-column-has-shadow fusion-flex-justify-content-flex-start fusion-content-layout-column\"><div class=\"fusion-text fusion-text-3 fusion-text-no-margin\" style=\"--awb-font-size:14px;--awb-text-color:var(--awb-color2);--awb-margin-bottom:20px;--awb-text-font-family:&quot;Montserrat&quot;;--awb-text-font-style:normal;--awb-text-font-weight:400;\"><p style=\"text-align: left;\"><b><span style=\"font-size: 25px;\" data-fusion-font=\"true\">\u00bfQuienes pueden beneficiarse de la realidad virtual en <\/span><span style=\"font-family: var(--awb-text-font-family); font-size: 25px; font-style: var(--awb-text-font-style); letter-spacing: var(--awb-letter-spacing); text-align: var(--awb-content-alignment); text-transform: var(--awb-text-transform);\" data-fusion-font=\"true\">BlaClinic Logopedia?<\/span><\/b><\/p>\n<p style=\"text-align: justify;\">El dispositivo cuenta con numerosos entornos virtuales en los que se puede trabajar desde la respiraci\u00f3n <span style=\"font-family: var(--awb-text-font-family); font-size: var(--awb-font-size); font-style: var(--awb-text-font-style); letter-spacing: var(--awb-letter-spacing); text-align: var(--awb-content-alignment); text-transform: var(--awb-text-transform);\">costodiafragm\u00e1tica a relajaci\u00f3n,entornos de comunicaci\u00f3n reales etc<\/span><\/p>\n<p style=\"text-align: justify;\">Las gafas de realidad virtual puedes ser aplicadas tanto a ni\u00f1os como a adultos que no tengan ninguna de <span style=\"font-family: var(--awb-text-font-family); font-size: var(--awb-font-size); font-style: var(--awb-text-font-style); letter-spacing: var(--awb-letter-spacing); text-align: var(--awb-content-alignment); text-transform: var(--awb-text-transform);\">las contra indicaciones m\u00e9dicas que la propia plataforma advierte como son mujeres embarazadas o <\/span><span style=\"font-family: var(--awb-text-font-family); font-size: var(--awb-font-size); font-style: var(--awb-text-font-style); letter-spacing: var(--awb-letter-spacing); text-align: var(--awb-content-alignment); text-transform: var(--awb-text-transform);\">epilepsia.<\/span><\/p>\n<p style=\"text-align: left;\"><b style=\"font-size: 25px;\" data-fusion-font=\"true\">\u00bfEn qu\u00e9 tratamientos se puede aplicar la realidad virtual?<\/b><\/p>\n<p style=\"text-align: justify;\">Gracias a la tecnolog\u00eda virtual podemos exponer a nuestros pacientes a entornos reales de manera dirigida <span style=\"font-family: var(--awb-text-font-family); font-size: var(--awb-font-size); font-style: var(--awb-text-font-style); letter-spacing: var(--awb-letter-spacing); text-align: var(--awb-content-alignment); text-transform: var(--awb-text-transform);\">y controlada.<\/span><\/p>\n<p style=\"text-align: justify;\">Personas con tartamudez est\u00e1n obteniendo resultados muy satisfactorios al poder aplicar todas las t\u00e9cnicas <span style=\"font-family: var(--awb-text-font-family); font-size: var(--awb-font-size); font-style: var(--awb-text-font-style); letter-spacing: var(--awb-letter-spacing); text-align: var(--awb-content-alignment); text-transform: var(--awb-text-transform);\">aprendidas en consulta en entornos virtuales con p\u00fablico. De esta manera se exponen situaciones sociales <\/span><span style=\"font-family: var(--awb-text-font-family); font-size: var(--awb-font-size); font-style: var(--awb-text-font-style); letter-spacing: var(--awb-letter-spacing); text-align: var(--awb-content-alignment); text-transform: var(--awb-text-transform);\">en las que tienen que hablar e interactuar con otras personas como puede ser una reuni\u00f3n o una <\/span><span style=\"font-family: var(--awb-text-font-family); font-size: var(--awb-font-size); font-style: var(--awb-text-font-style); letter-spacing: var(--awb-letter-spacing); text-align: var(--awb-content-alignment); text-transform: var(--awb-text-transform);\">conferencia.<\/span><\/p>\n<p style=\"text-align: justify;\">Otros beneficiarios de esta tecnolog\u00eda son personas con miedo a hablar en p\u00fablico o dificultades en su <span style=\"font-family: var(--awb-text-font-family); font-size: var(--awb-font-size); font-style: var(--awb-text-font-style); letter-spacing: var(--awb-letter-spacing); text-align: var(--awb-content-alignment); text-transform: var(--awb-text-transform);\">comunicaci\u00f3n.Si tienes miedo a estar ante una audiencia hablando,esta tecnolog\u00eda te permite entrenar las <\/span><span style=\"font-family: var(--awb-text-font-family); font-size: var(--awb-font-size); font-style: var(--awb-text-font-style); letter-spacing: var(--awb-letter-spacing); text-align: var(--awb-content-alignment); text-transform: var(--awb-text-transform);\">veces que sean necesarias hasta dominar la t\u00e9cnica de la oratoria y vencer la impresi\u00f3n que causa hablar <\/span><span style=\"font-family: var(--awb-text-font-family); font-size: var(--awb-font-size); font-style: var(--awb-text-font-style); letter-spacing: var(--awb-letter-spacing); text-align: var(--awb-content-alignment); text-transform: var(--awb-text-transform);\">al p\u00fablico.<\/span><\/p>\n<p style=\"text-align: justify;\">Te expondremos a ambientes controlados con una audiencia m\u00e1s peque\u00f1a para poder ir acostumbr\u00e1ndote <span style=\"font-family: var(--awb-text-font-family); font-size: var(--awb-font-size); font-style: var(--awb-text-font-style); letter-spacing: var(--awb-letter-spacing); text-align: var(--awb-content-alignment); text-transform: var(--awb-text-transform);\">hasta a u auditorio. Adem\u00e1s,podr\u00e1s ir superando aspectos como un bostezo de alguien del p\u00fablico,una <\/span><span style=\"font-family: var(--awb-text-font-family); font-size: var(--awb-font-size); font-style: var(--awb-text-font-style); letter-spacing: var(--awb-letter-spacing); text-align: var(--awb-content-alignment); text-transform: var(--awb-text-transform);\">llamada de tel\u00e9fono repentina o el murmullo del p\u00fablico. Podremos incrementar la dificultad en funci\u00f3n <\/span><span style=\"font-family: var(--awb-text-font-family); font-size: var(--awb-font-size); font-style: var(--awb-text-font-style); letter-spacing: var(--awb-letter-spacing); text-align: var(--awb-content-alignment); text-transform: var(--awb-text-transform);\">de tus avances.<\/span><\/p>\n<p style=\"text-align: justify;\">Pacientes con disfon\u00edas que deban aprender a proyectar su voz pueden practicar en situaciones de <span style=\"font-family: var(--awb-text-font-family); font-size: var(--awb-font-size); font-style: var(--awb-text-font-style); letter-spacing: var(--awb-letter-spacing); text-align: var(--awb-content-alignment); text-transform: var(--awb-text-transform);\">audiencia.<\/span><\/p>\n<p style=\"text-align: justify;\">Si tienes una entrevista de trabajo, una oposici\u00f3n o una conferencia trabajaremos en primer lugar los <span style=\"font-family: var(--awb-text-font-family); font-size: var(--awb-font-size); font-style: var(--awb-text-font-style); letter-spacing: var(--awb-letter-spacing); text-align: var(--awb-content-alignment); text-transform: var(--awb-text-transform);\">aspectos de la comunicaci\u00f3n verbal para posteriormente simularlos a trav\u00e9s de las gafas.<\/span><\/p>\n<p style=\"text-align: justify;\">Una manera divertida,veraz y efectiva de poner en practica todo lo aprendido en consulta e ir <span style=\"font-family: var(--awb-text-font-family); font-size: var(--awb-font-size); font-style: var(--awb-text-font-style); letter-spacing: var(--awb-letter-spacing); text-align: var(--awb-content-alignment); text-transform: var(--awb-text-transform);\">aproxim\u00e1ndote hacia la vida real.<\/span><\/p>\n<p style=\"text-align: justify;\">Los ni\u00f1os tambi\u00e9n pueden beneficiarse trabajando aspectos de relajaci\u00f3n en entornos virtuales como una <span style=\"font-family: var(--awb-text-font-family); font-size: var(--awb-font-size); font-style: var(--awb-text-font-style); letter-spacing: var(--awb-letter-spacing); text-align: var(--awb-content-alignment); text-transform: var(--awb-text-transform);\">playa, el mar. V\u00e9deos y entornos virtuales que permiten trasladar al paciente a un lugar de tranquilidad y <\/span><span style=\"font-family: var(--awb-text-font-family); font-size: var(--awb-font-size); font-style: var(--awb-text-font-style); letter-spacing: var(--awb-letter-spacing); text-align: var(--awb-content-alignment); text-transform: var(--awb-text-transform);\">paz. En ellos podr\u00e1 sentir la calma estando bajo el mar, en una isla, en una pradera, etc. y practicar <\/span><span style=\"font-family: var(--awb-text-font-family); font-size: var(--awb-font-size); font-style: var(--awb-text-font-style); letter-spacing: var(--awb-letter-spacing); text-align: var(--awb-content-alignment); text-transform: var(--awb-text-transform);\">diversos ejercicios de relajaci\u00f3n.<\/span><\/p>\n<p style=\"text-align: justify;\">Os invitamos a conocer m\u00e1s sobre Psious en su <a href=\"https:\/\/psious.com\/es\/\">p\u00e1gina web<\/a> y sobre todo os <span style=\"font-family: var(--awb-text-font-family); font-size: var(--awb-font-size); font-style: var(--awb-text-font-style); letter-spacing: var(--awb-letter-spacing); text-align: var(--awb-content-alignment); text-transform: var(--awb-text-transform);\">invitamos a venir a probarlo en BlaClinic Logopedia (Centro Granada).<\/span><\/p>\n<p style=\"text-align: justify;\">Os dejamos aquellos Programas de Tratamiento d\u00f3nde puede aplicarse la RV<\/p>\n<p style=\"text-align: left;\"><b style=\"font-size: 25px;\" data-fusion-font=\"true\">Programas de Tratamiento para Adultos<\/b><\/p>\n<p style=\"text-align: left;\"><a href=\"https:\/\/www.blaclinic.com\/index.php\/servicios\/logopedia-adultos\/hablar-en-publico\/\">Programa de Intervenci\u00f3n Hablar en P\u00fablico<\/a><\/p>\n<p style=\"text-align: left;\"><a href=\"https:\/\/www.blaclinic.com\/index.php\/servicios\/logopedia-adultos\/tartamudez-adultos\/\">Programa de Tratamiento Air Flow (tartamudez) <\/a><\/p>\n<p style=\"text-align: left;\"><a href=\"https:\/\/www.blaclinic.com\/index.php\/servicios\/logopedia-adultos\/r\/\">Programa de Tratamiento \/R\/ <\/a><\/p>\n<p style=\"text-align: left;\"><a href=\"https:\/\/www.blaclinic.com\/index.php\/servicios\/logopedia-adultos\/hablo-y-me-entienden\/\">Programa de Tratamiento Hablo y me entienden <\/a><\/p>\n<p style=\"text-align: left;\"><b style=\"font-size: 25px;\" data-fusion-font=\"true\">Programas de Tratamiento Infantil<\/b><\/p>\n<p style=\"text-align: left;\"><a href=\"https:\/\/www.blaclinic.com\/index.php\/servicios\/logopedia-ninos\/primeras-palabras\/\">Programa de Tratamiento Primeras Palabras <\/a><\/p>\n<p style=\"text-align: left;\"><a href=\"https:\/\/www.blaclinic.com\/index.php\/servicios\/logopedia-ninos\/rotacismo-y-tartamudez\/\">Programa de Tratamiento Air Flow (tartamudez)<\/a><\/p>\n<p style=\"text-align: left;\"><a href=\"https:\/\/www.blaclinic.com\/index.php\/servicios\/logopedia-ninos\/mini-voice\/\">Programa de Tratamiento Mini Voice <\/a><\/p>\n<p style=\"text-align: left;\"><a href=\"https:\/\/www.blaclinic.com\/index.php\/servicios\/logopedia-ninos\/rotacismo-y-tartamudez\/\">Programa de Tratamiento Erre que erre <\/a><\/p>\n<\/div><\/div><\/div><\/div><\/div><\/p>\n","protected":false},"excerpt":{"rendered":"","protected":false},"author":2,"featured_media":0,"parent":1370,"menu_order":0,"comment_status":"closed","ping_status":"closed","template":"100-width.php","meta":{"_joinchat":[],"footnotes":""},"class_list":["post-1712","page","type-page","status-publish","hentry"],"yoast_head":"<!-- This site is optimized with the Yoast SEO plugin v27.2 - https:\/\/yoast.com\/product\/yoast-seo-wordpress\/ -->\n<title>Realidad virtual en Logopedia en Granada | BlaClinic<\/title>\n<meta name=\"description\" content=\"La realidad virtual potencia el progreso en sesiones de logopedia mediante experiencias inmersivas y motivadoras. Terapias innovadoras.\" \/>\n<meta name=\"robots\" content=\"index, follow, max-snippet:-1, max-image-preview:large, max-video-preview:-1\" \/>\n<link rel=\"canonical\" href=\"https:\/\/www.blaclinic.com\/index.php\/servicios\/realidad-virtual\/\" \/>\n<meta property=\"og:locale\" content=\"es_ES\" \/>\n<meta property=\"og:type\" content=\"article\" \/>\n<meta property=\"og:title\" content=\"Realidad virtual en Logopedia en Granada | BlaClinic\" \/>\n<meta property=\"og:description\" content=\"La realidad virtual potencia el progreso en sesiones de logopedia mediante experiencias inmersivas y motivadoras. Terapias innovadoras.\" \/>\n<meta property=\"og:url\" content=\"https:\/\/www.blaclinic.com\/index.php\/servicios\/realidad-virtual\/\" \/>\n<meta property=\"og:site_name\" content=\"BlaClinic\" \/>\n<meta property=\"article:modified_time\" content=\"2025-11-19T10:05:04+00:00\" \/>\n<meta name=\"twitter:card\" content=\"summary_large_image\" \/>\n<meta name=\"twitter:label1\" content=\"Tiempo de lectura\" \/>\n\t<meta name=\"twitter:data1\" content=\"3 minutos\" \/>\n<script type=\"application\/ld+json\" class=\"yoast-schema-graph\">{\"@context\":\"https:\/\/schema.org\",\"@graph\":[{\"@type\":\"WebPage\",\"@id\":\"https:\/\/www.blaclinic.com\/index.php\/servicios\/realidad-virtual\/\",\"url\":\"https:\/\/www.blaclinic.com\/index.php\/servicios\/realidad-virtual\/\",\"name\":\"Realidad virtual en Logopedia en Granada | BlaClinic\",\"isPartOf\":{\"@id\":\"https:\/\/www.blaclinic.com\/#website\"},\"datePublished\":\"2025-10-16T19:02:05+00:00\",\"dateModified\":\"2025-11-19T10:05:04+00:00\",\"description\":\"La realidad virtual potencia el progreso en sesiones de logopedia mediante experiencias inmersivas y motivadoras. Terapias innovadoras.\",\"breadcrumb\":{\"@id\":\"https:\/\/www.blaclinic.com\/index.php\/servicios\/realidad-virtual\/#breadcrumb\"},\"inLanguage\":\"es\",\"potentialAction\":[{\"@type\":\"ReadAction\",\"target\":[\"https:\/\/www.blaclinic.com\/index.php\/servicios\/realidad-virtual\/\"]}]},{\"@type\":\"BreadcrumbList\",\"@id\":\"https:\/\/www.blaclinic.com\/index.php\/servicios\/realidad-virtual\/#breadcrumb\",\"itemListElement\":[{\"@type\":\"ListItem\",\"position\":1,\"name\":\"Portada\",\"item\":\"https:\/\/www.blaclinic.com\/\"},{\"@type\":\"ListItem\",\"position\":2,\"name\":\"Servicios\",\"item\":\"https:\/\/www.blaclinic.com\/index.php\/servicios\/\"},{\"@type\":\"ListItem\",\"position\":3,\"name\":\"Realidad Virtual\"}]},{\"@type\":\"WebSite\",\"@id\":\"https:\/\/www.blaclinic.com\/#website\",\"url\":\"https:\/\/www.blaclinic.com\/\",\"name\":\"BlaClinic\",\"description\":\"Logopedia Cl\u00ednica\",\"potentialAction\":[{\"@type\":\"SearchAction\",\"target\":{\"@type\":\"EntryPoint\",\"urlTemplate\":\"https:\/\/www.blaclinic.com\/?s={search_term_string}\"},\"query-input\":{\"@type\":\"PropertyValueSpecification\",\"valueRequired\":true,\"valueName\":\"search_term_string\"}}],\"inLanguage\":\"es\"}]}<\/script>\n<!-- \/ Yoast SEO plugin. -->","yoast_head_json":{"title":"Realidad virtual en Logopedia en Granada | BlaClinic","description":"La realidad virtual potencia el progreso en sesiones de logopedia mediante experiencias inmersivas y motivadoras. Terapias innovadoras.","robots":{"index":"index","follow":"follow","max-snippet":"max-snippet:-1","max-image-preview":"max-image-preview:large","max-video-preview":"max-video-preview:-1"},"canonical":"https:\/\/www.blaclinic.com\/index.php\/servicios\/realidad-virtual\/","og_locale":"es_ES","og_type":"article","og_title":"Realidad virtual en Logopedia en Granada | BlaClinic","og_description":"La realidad virtual potencia el progreso en sesiones de logopedia mediante experiencias inmersivas y motivadoras. Terapias innovadoras.","og_url":"https:\/\/www.blaclinic.com\/index.php\/servicios\/realidad-virtual\/","og_site_name":"BlaClinic","article_modified_time":"2025-11-19T10:05:04+00:00","twitter_card":"summary_large_image","twitter_misc":{"Tiempo de lectura":"3 minutos"},"schema":{"@context":"https:\/\/schema.org","@graph":[{"@type":"WebPage","@id":"https:\/\/www.blaclinic.com\/index.php\/servicios\/realidad-virtual\/","url":"https:\/\/www.blaclinic.com\/index.php\/servicios\/realidad-virtual\/","name":"Realidad virtual en Logopedia en Granada | BlaClinic","isPartOf":{"@id":"https:\/\/www.blaclinic.com\/#website"},"datePublished":"2025-10-16T19:02:05+00:00","dateModified":"2025-11-19T10:05:04+00:00","description":"La realidad virtual potencia el progreso en sesiones de logopedia mediante experiencias inmersivas y motivadoras. Terapias innovadoras.","breadcrumb":{"@id":"https:\/\/www.blaclinic.com\/index.php\/servicios\/realidad-virtual\/#breadcrumb"},"inLanguage":"es","potentialAction":[{"@type":"ReadAction","target":["https:\/\/www.blaclinic.com\/index.php\/servicios\/realidad-virtual\/"]}]},{"@type":"BreadcrumbList","@id":"https:\/\/www.blaclinic.com\/index.php\/servicios\/realidad-virtual\/#breadcrumb","itemListElement":[{"@type":"ListItem","position":1,"name":"Portada","item":"https:\/\/www.blaclinic.com\/"},{"@type":"ListItem","position":2,"name":"Servicios","item":"https:\/\/www.blaclinic.com\/index.php\/servicios\/"},{"@type":"ListItem","position":3,"name":"Realidad Virtual"}]},{"@type":"WebSite","@id":"https:\/\/www.blaclinic.com\/#website","url":"https:\/\/www.blaclinic.com\/","name":"BlaClinic","description":"Logopedia Cl\u00ednica","potentialAction":[{"@type":"SearchAction","target":{"@type":"EntryPoint","urlTemplate":"https:\/\/www.blaclinic.com\/?s={search_term_string}"},"query-input":{"@type":"PropertyValueSpecification","valueRequired":true,"valueName":"search_term_string"}}],"inLanguage":"es"}]}},"_links":{"self":[{"href":"https:\/\/www.blaclinic.com\/index.php\/wp-json\/wp\/v2\/pages\/1712","targetHints":{"allow":["GET"]}}],"collection":[{"href":"https:\/\/www.blaclinic.com\/index.php\/wp-json\/wp\/v2\/pages"}],"about":[{"href":"https:\/\/www.blaclinic.com\/index.php\/wp-json\/wp\/v2\/types\/page"}],"author":[{"embeddable":true,"href":"https:\/\/www.blaclinic.com\/index.php\/wp-json\/wp\/v2\/users\/2"}],"replies":[{"embeddable":true,"href":"https:\/\/www.blaclinic.com\/index.php\/wp-json\/wp\/v2\/comments?post=1712"}],"version-history":[{"count":6,"href":"https:\/\/www.blaclinic.com\/index.php\/wp-json\/wp\/v2\/pages\/1712\/revisions"}],"predecessor-version":[{"id":2159,"href":"https:\/\/www.blaclinic.com\/index.php\/wp-json\/wp\/v2\/pages\/1712\/revisions\/2159"}],"up":[{"embeddable":true,"href":"https:\/\/www.blaclinic.com\/index.php\/wp-json\/wp\/v2\/pages\/1370"}],"wp:attachment":[{"href":"https:\/\/www.blaclinic.com\/index.php\/wp-json\/wp\/v2\/media?parent=1712"}],"curies":[{"name":"wp","href":"https:\/\/api.w.org\/{rel}","templated":true}]}}