{"id":1495,"date":"2025-10-15T17:31:15","date_gmt":"2025-10-15T17:31:15","guid":{"rendered":"https:\/\/www.blaclinic.com\/?page_id=1495"},"modified":"2025-11-19T09:14:40","modified_gmt":"2025-11-19T09:14:40","slug":"hablo-y-me-entienden","status":"publish","type":"page","link":"https:\/\/www.blaclinic.com\/index.php\/servicios\/logopedia-adultos\/hablo-y-me-entienden\/","title":{"rendered":"Hablo y Me Entienden"},"content":{"rendered":"<p><div class=\"fusion-fullwidth fullwidth-box fusion-builder-row-1 fusion-flex-container has-pattern-background has-mask-background nonhundred-percent-fullwidth non-hundred-percent-height-scrolling\" style=\"--awb-background-position:left center;--awb-border-radius-top-left:0px;--awb-border-radius-top-right:0px;--awb-border-radius-bottom-right:0px;--awb-border-radius-bottom-left:0px;--awb-padding-right:0px;--awb-padding-left:0px;--awb-background-color:rgba(8,24,28,0);--awb-flex-wrap:wrap;\" ><div class=\"fusion-builder-row fusion-row fusion-flex-align-items-stretch fusion-flex-content-wrap\" style=\"max-width:calc( 1200px + 0px );margin-left: calc(-0px \/ 2 );margin-right: calc(-0px \/ 2 );\"><div class=\"fusion-layout-column fusion_builder_column fusion-builder-column-0 fusion-flex-column fusion-animated\" style=\"--awb-padding-top:120px;--awb-padding-right:50px;--awb-padding-bottom:120px;--awb-padding-left:0%;--awb-padding-top-small:60px;--awb-padding-right-small:60px;--awb-padding-bottom-small:60px;--awb-padding-left-small:60px;--awb-bg-color:rgba(255,255,255,0);--awb-bg-color-hover:rgba(255,255,255,0);--awb-bg-position:center center;--awb-bg-size:;--awb-width-large:45%;--awb-margin-top-large:0px;--awb-spacing-right-large:0px;--awb-margin-bottom-large:0px;--awb-spacing-left-large:0px;--awb-width-medium:100%;--awb-order-medium:0;--awb-spacing-right-medium:0px;--awb-spacing-left-medium:0px;--awb-width-small:100%;--awb-order-small:0;--awb-spacing-right-small:0px;--awb-spacing-left-small:0px;\" data-animationType=\"fadeInLeft\" data-animationDuration=\"0.6\" data-animationOffset=\"top-into-view\" data-scroll-devices=\"small-visibility,medium-visibility,large-visibility\"><div class=\"fusion-column-wrapper fusion-column-has-shadow fusion-flex-justify-content-flex-start fusion-content-layout-column\"><div class=\"fusion-text fusion-text-1 fusion-text-no-margin\" style=\"--awb-font-size:14px;--awb-text-color:var(--awb-color3);--awb-margin-right:15%;--awb-margin-bottom:10px;--awb-text-font-family:&quot;Montserrat&quot;;--awb-text-font-style:normal;--awb-text-font-weight:400;\"><p>LOGOPEDIA ADULTOS<\/p>\n<\/div><div class=\"fusion-title title fusion-title-1 fusion-sep-none fusion-title-text fusion-title-size-one\" style=\"--awb-text-color:var(--awb-color2);--awb-margin-top:0px;--awb-margin-bottom:20px;--awb-margin-top-small:0px;--awb-font-size:28px;\"><h1 class=\"fusion-title-heading title-heading-left\" style=\"font-family:&quot;Montserrat&quot;;font-style:normal;font-weight:600;margin:0;font-size:1em;\">Mejora de la articulaci\u00f3n y pronunciaci\u00f3n | Programa \u00abHablo y me entienden\u00bb<\/h1><\/div><div class=\"fusion-title title fusion-title-2 fusion-sep-none fusion-title-text fusion-title-size-two\" style=\"--awb-text-color:var(--awb-color2);--awb-margin-top:0px;--awb-margin-bottom:0px;--awb-margin-top-small:0px;--awb-font-size:18px;\"><h2 class=\"fusion-title-heading title-heading-left\" style=\"font-family:&quot;Montserrat&quot;;font-style:normal;font-weight:600;margin:0;text-transform:none;font-size:1em;\">Que lo que digas se entienda, sin esfuerzo ni verg\u00fcenza<\/h2><\/div><\/div><\/div><div class=\"fusion-layout-column fusion_builder_column fusion-builder-column-1 fusion-flex-column fusion-animated\" style=\"--awb-padding-left:50px;--awb-padding-top-small:60px;--awb-padding-right-small:60px;--awb-padding-bottom-small:60px;--awb-padding-left-small:60px;--awb-bg-position:left center;--awb-bg-size:cover;--awb-width-large:55%;--awb-margin-top-large:0px;--awb-spacing-right-large:0px;--awb-margin-bottom-large:0px;--awb-spacing-left-large:0px;--awb-width-medium:100%;--awb-order-medium:0;--awb-spacing-right-medium:0px;--awb-spacing-left-medium:0px;--awb-width-small:100%;--awb-order-small:0;--awb-spacing-right-small:0px;--awb-spacing-left-small:0px;\" data-animationType=\"fadeInLeft\" data-animationDuration=\"0.6\" data-animationOffset=\"top-into-view\" data-scroll-devices=\"small-visibility,medium-visibility,large-visibility\"><div class=\"fusion-column-wrapper lazyload fusion-column-has-shadow fusion-flex-justify-content-flex-start fusion-content-layout-column fusion-empty-column-bg-image fusion-column-has-bg-image\" data-bg-url=\"https:\/\/www.blaclinic.com\/wp-content\/uploads\/2025\/10\/logopedia-adultos-programa-hablo-y-me-entienden.jpg\" data-bg=\"https:\/\/www.blaclinic.com\/wp-content\/uploads\/2025\/10\/logopedia-adultos-programa-hablo-y-me-entienden.jpg\"><img decoding=\"async\" class=\"fusion-empty-dims-img-placeholder fusion-no-large-visibility\" aria-label=\"logopedia-adultos-programa-hablo-y-me-entienden\" src=\"data:image\/svg+xml,%3Csvg%20xmlns%3D%27http%3A%2F%2Fwww.w3.org%2F2000%2Fsvg%27%20width%3D%27935%27%20height%3D%27670%27%20viewBox%3D%270%200%20935%20670%27%3E%3Crect%20width%3D%27935%27%20height%3D%27670%27%20fill-opacity%3D%220%22%2F%3E%3C%2Fsvg%3E\"><\/div><\/div><\/div><\/div><div class=\"fusion-fullwidth fullwidth-box fusion-builder-row-2 fusion-flex-container has-pattern-background has-mask-background nonhundred-percent-fullwidth non-hundred-percent-height-scrolling\" style=\"--awb-border-radius-top-left:0px;--awb-border-radius-top-right:0px;--awb-border-radius-bottom-right:0px;--awb-border-radius-bottom-left:0px;--awb-margin-top:40px;--awb-flex-wrap:wrap;\" ><div class=\"fusion-builder-row fusion-row fusion-flex-align-items-flex-start fusion-flex-content-wrap\" style=\"max-width:1248px;margin-left: calc(-4% \/ 2 );margin-right: calc(-4% \/ 2 );\"><div class=\"fusion-layout-column fusion_builder_column fusion-builder-column-2 fusion_builder_column_1_1 1_1 fusion-flex-column\" style=\"--awb-bg-size:cover;--awb-width-large:100%;--awb-margin-top-large:0px;--awb-spacing-right-large:1.92%;--awb-margin-bottom-large:20px;--awb-spacing-left-large:1.92%;--awb-width-medium:100%;--awb-order-medium:0;--awb-spacing-right-medium:1.92%;--awb-spacing-left-medium:1.92%;--awb-width-small:100%;--awb-order-small:0;--awb-spacing-right-small:1.92%;--awb-spacing-left-small:1.92%;\"><div class=\"fusion-column-wrapper fusion-column-has-shadow fusion-flex-justify-content-flex-start fusion-content-layout-column\"><div class=\"fusion-text fusion-text-2 fusion-text-no-margin\" style=\"--awb-font-size:14px;--awb-text-color:var(--awb-color2);--awb-margin-bottom:20px;--awb-text-font-family:&quot;Montserrat&quot;;--awb-text-font-style:normal;--awb-text-font-weight:400;\"><p style=\"text-align: justify;\">\u00bfTe cuesta pronunciar algunos sonidos? \u00bfSientes que los dem\u00e1s no te entienden bien cuando hablas? En BlaClinic tratamos alteraciones del habla en adultos con programas espec\u00edficos para mejorar la articulaci\u00f3n, la dicci\u00f3n y la fluidez verbal.<\/p>\n<p style=\"text-align: justify;\">Este servicio est\u00e1 dirigido a personas que arrastran errores fon\u00e9ticos desde la infancia, han perdido claridad al hablar o desean mejorar su forma de expresarse por motivos personales o profesionales.<\/p>\n<p style=\"text-align: justify;\">Nuestros logopedas en Granada te ayudar\u00e1n a ganar precisi\u00f3n, seguridad y naturalidad al comunicarte, sea cual sea tu punto de partida.<\/p>\n<\/div><\/div><\/div><\/div><\/div><div class=\"fusion-fullwidth fullwidth-box fusion-builder-row-3 fusion-flex-container has-pattern-background has-mask-background nonhundred-percent-fullwidth non-hundred-percent-height-scrolling fusion-no-medium-visibility fusion-no-large-visibility fusion-animated\" style=\"--awb-border-color:var(--awb-color1);--awb-border-radius-top-left:0px;--awb-border-radius-top-right:0px;--awb-border-radius-bottom-right:0px;--awb-border-radius-bottom-left:0px;--awb-padding-top:40px;--awb-padding-right:0px;--awb-padding-bottom:40px;--awb-padding-left:0px;--awb-margin-bottom:0px;--awb-background-color:var(--awb-color3);--awb-flex-wrap:wrap;\" data-animationType=\"fadeIn\" data-animationDuration=\"0.9\" data-animationOffset=\"top-into-view\" ><div class=\"fusion-builder-row fusion-row fusion-flex-align-items-stretch fusion-flex-justify-content-center fusion-flex-content-wrap\" style=\"max-width:1248px;margin-left: calc(-4% \/ 2 );margin-right: calc(-4% \/ 2 );\"><div class=\"fusion-layout-column fusion_builder_column fusion-builder-column-3 fusion_builder_column_2_3 2_3 fusion-flex-column\" style=\"--awb-padding-top:50px;--awb-padding-right:80px;--awb-padding-bottom:50px;--awb-padding-left:100px;--awb-padding-top-small:25px;--awb-padding-right-small:25px;--awb-padding-bottom-small:60px;--awb-padding-left-small:25px;--awb-overflow:hidden;--awb-bg-color:var(--awb-color6);--awb-bg-color-hover:var(--awb-color6);--awb-bg-position:center bottom;--awb-bg-size:cover;--awb-border-radius:8px 8px 8px 8px;--awb-transform:scaleX(1.10) scaleY(1.10);--awb-transform-hover:scaleX(1.10) scaleY(1.10);--awb-width-large:66.666666666667%;--awb-margin-top-large:0px;--awb-spacing-right-large:-21.6%;--awb-margin-bottom-large:0px;--awb-spacing-left-large:0px;--awb-width-medium:66.666666666667%;--awb-order-medium:0;--awb-spacing-right-medium:-21.6%;--awb-spacing-left-medium:0px;--awb-width-small:100%;--awb-order-small:0;--awb-spacing-right-small:11.52%;--awb-spacing-left-small:11.52%;\"><div class=\"fusion-column-wrapper fusion-column-has-shadow fusion-flex-justify-content-flex-start fusion-content-layout-column\"><div class=\"fusion-text fusion-text-3 fusion-text-no-margin\" style=\"--awb-font-size:28px;--awb-text-color:var(--awb-color2);--awb-margin-bottom:0px;--awb-text-font-family:&quot;Montserrat&quot;;--awb-text-font-style:normal;--awb-text-font-weight:600;\"><p>Logopedia Online<\/p>\n<\/div><div class=\"fusion-text fusion-text-4\" style=\"--awb-font-size:18px;--awb-text-color:var(--awb-color2);--awb-text-font-family:&quot;Montserrat&quot;;--awb-text-font-style:normal;--awb-text-font-weight:600;\"><p>Te lo ponemos f\u00e1cil y sin salir de casa<\/p>\n<\/div><div class=\"fusion-text fusion-text-5\" style=\"--awb-font-size:14px;--awb-text-color:var(--awb-color2);--awb-text-font-family:&quot;Montserrat&quot;;--awb-text-font-style:normal;--awb-text-font-weight:400;\"><p style=\"text-align: justify;\">Puedes hacer tu tratamiento online con todas las garant\u00edas gracias a nuestro sistema remoto.<\/p>\n<p style=\"text-align: justify;\">No todos los tratamientos ni con todos los pacientes puede hacerse una rehabilitaci\u00f3n online eficaz. Es fundamental hacer un estudio detallado.<\/p>\n<\/div><div ><a class=\"fusion-button button-flat button-small button-custom fusion-button-default button-1 fusion-button-default-span fusion-button-default-type\" style=\"--button_accent_color:var(--awb-color6);--button_border_color:var(--awb-color6);--button_accent_hover_color:var(--awb-color6);--button_border_hover_color:var(--awb-color6);--button_gradient_top_color:var(--awb-color3);--button_gradient_bottom_color:var(--awb-color3);--button_gradient_top_color_hover:var(--awb-color4);--button_gradient_bottom_color_hover:var(--awb-color4);--button_typography-font-family:&quot;Montserrat&quot;;--button_typography-font-style:normal;--button_typography-font-weight:600;\" target=\"_self\" href=\"https:\/\/www.blaclinic.com\/index.php\/contact\/\"><span class=\"fusion-button-text awb-button__text awb-button__text--default\">CONTACTA CON NOSOTROS<\/span><\/a><\/div><\/div><\/div><div class=\"fusion-layout-column fusion_builder_column fusion-builder-column-4 fusion_builder_column_1_3 1_3 fusion-flex-column\" style=\"--awb-padding-top-small:100px;--awb-padding-right-small:60px;--awb-padding-bottom-small:100px;--awb-padding-left-small:60px;--awb-overflow:hidden;--awb-bg-position:center center;--awb-bg-size:cover;--awb-border-radius:8px 8px 8px 8px;--awb-transform:scaleX(1.10) scaleY(1.10);--awb-transform-hover:scaleX(1.10) scaleY(1.10);--awb-width-large:33.333333333333%;--awb-margin-top-large:30px;--awb-spacing-right-large:0px;--awb-margin-bottom-large:30px;--awb-spacing-left-large:-50PX;--awb-width-medium:33.333333333333%;--awb-order-medium:0;--awb-spacing-right-medium:0px;--awb-spacing-left-medium:-50PX;--awb-width-small:100%;--awb-order-small:0;--awb-margin-top-small:-10px;--awb-spacing-right-small:19.2%;--awb-margin-bottom-small:0px;--awb-spacing-left-small:19.2%;\"><div class=\"fusion-column-wrapper lazyload fusion-column-has-shadow fusion-flex-justify-content-flex-start fusion-content-layout-column fusion-empty-column-bg-image fusion-column-has-bg-image fusion-column-has-bg-image-small\" data-bg-url=\"https:\/\/www.blaclinic.com\/wp-content\/uploads\/2025\/10\/logopedia-online.jpg\" data-bg=\"https:\/\/www.blaclinic.com\/wp-content\/uploads\/2025\/10\/logopedia-online.jpg\" data-fusion-responsive-bg=\"1\" data-bg-small=\"https:\/\/www.blaclinic.com\/wp-content\/uploads\/2025\/10\/logopedia-online.jpg\"><img decoding=\"async\" class=\"fusion-empty-dims-img-placeholder fusion-no-large-visibility fusion-no-medium-visibility\" aria-label=\"logopedia-online\" src=\"data:image\/svg+xml,%3Csvg%20xmlns%3D%27http%3A%2F%2Fwww.w3.org%2F2000%2Fsvg%27%20width%3D%27691%27%20height%3D%27655%27%20viewBox%3D%270%200%20691%20655%27%3E%3Crect%20width%3D%27691%27%20height%3D%27655%27%20fill-opacity%3D%220%22%2F%3E%3C%2Fsvg%3E\"><img decoding=\"async\" class=\"fusion-empty-dims-img-placeholder-small fusion-no-large-visibility fusion-no-medium-visibility\" aria-label=\"logopedia-online\" src=\"data:image\/svg+xml,%3Csvg%20xmlns%3D%27http%3A%2F%2Fwww.w3.org%2F2000%2Fsvg%27%20width%3D%27691%27%20height%3D%27655%27%20viewBox%3D%270%200%20691%20655%27%3E%3Crect%20width%3D%27691%27%20height%3D%27655%27%20fill-opacity%3D%220%22%2F%3E%3C%2Fsvg%3E\"><\/div><\/div><\/div><\/div><div class=\"fusion-fullwidth fullwidth-box fusion-builder-row-4 fusion-flex-container has-pattern-background has-mask-background nonhundred-percent-fullwidth non-hundred-percent-height-scrolling fusion-no-small-visibility fusion-animated\" style=\"--awb-border-color:var(--awb-color1);--awb-border-radius-top-left:0px;--awb-border-radius-top-right:0px;--awb-border-radius-bottom-right:0px;--awb-border-radius-bottom-left:0px;--awb-padding-top:40px;--awb-padding-right:0px;--awb-padding-bottom:40px;--awb-padding-left:0px;--awb-margin-bottom:0px;--awb-background-color:var(--awb-color3);--awb-flex-wrap:wrap;\" data-animationType=\"fadeIn\" data-animationDuration=\"0.9\" data-animationOffset=\"top-into-view\" ><div class=\"fusion-builder-row fusion-row fusion-flex-align-items-stretch fusion-flex-justify-content-center fusion-flex-content-wrap\" style=\"max-width:1248px;margin-left: calc(-4% \/ 2 );margin-right: calc(-4% \/ 2 );\"><div class=\"fusion-layout-column fusion_builder_column fusion-builder-column-5 fusion_builder_column_2_3 2_3 fusion-flex-column\" style=\"--awb-padding-top:50px;--awb-padding-right:80px;--awb-padding-bottom:50px;--awb-padding-left:100px;--awb-padding-top-small:60px;--awb-padding-right-small:60px;--awb-padding-bottom-small:60px;--awb-padding-left-small:60px;--awb-overflow:hidden;--awb-bg-color:var(--awb-color6);--awb-bg-color-hover:var(--awb-color6);--awb-bg-position:center bottom;--awb-bg-size:cover;--awb-border-radius:8px 8px 8px 8px;--awb-transform:scaleX(1.10) scaleY(1.10);--awb-transform-hover:scaleX(1.10) scaleY(1.10);--awb-width-large:66.666666666667%;--awb-margin-top-large:0px;--awb-spacing-right-large:-21.6%;--awb-margin-bottom-large:0px;--awb-spacing-left-large:0px;--awb-width-medium:66.666666666667%;--awb-order-medium:0;--awb-spacing-right-medium:-21.6%;--awb-spacing-left-medium:0px;--awb-width-small:100%;--awb-order-small:0;--awb-spacing-right-small:1.92%;--awb-spacing-left-small:1.92%;\"><div class=\"fusion-column-wrapper fusion-column-has-shadow fusion-flex-justify-content-flex-start fusion-content-layout-column\"><div class=\"fusion-text fusion-text-6 fusion-text-no-margin\" style=\"--awb-font-size:28px;--awb-text-color:var(--awb-color2);--awb-margin-bottom:0px;--awb-text-font-family:&quot;Montserrat&quot;;--awb-text-font-style:normal;--awb-text-font-weight:600;\"><p>Logopedia Online<\/p>\n<\/div><div class=\"fusion-text fusion-text-7\" style=\"--awb-font-size:18px;--awb-text-color:var(--awb-color2);--awb-text-font-family:&quot;Montserrat&quot;;--awb-text-font-style:normal;--awb-text-font-weight:600;\"><p>Te lo ponemos f\u00e1cil y sin salir de casa<\/p>\n<\/div><div class=\"fusion-text fusion-text-8\" style=\"--awb-font-size:14px;--awb-text-color:var(--awb-color2);--awb-margin-right:4%;--awb-text-font-family:&quot;Montserrat&quot;;--awb-text-font-style:normal;--awb-text-font-weight:400;\"><p style=\"text-align: justify;\">Puedes hacer tu tratamiento online con todas las garant\u00edas gracias a nuestro sistema remoto.<\/p>\n<p style=\"text-align: justify;\">No todos los tratamientos ni con todos los pacientes puede hacerse una rehabilitaci\u00f3n online eficaz. Es fundamental hacer un estudio detallado.<\/p>\n<\/div><div ><a class=\"fusion-button button-flat button-small button-custom fusion-button-default button-2 fusion-button-default-span fusion-button-default-type\" style=\"--button_accent_color:var(--awb-color6);--button_border_color:var(--awb-color6);--button_accent_hover_color:var(--awb-color6);--button_border_hover_color:var(--awb-color6);--button_gradient_top_color:var(--awb-color3);--button_gradient_bottom_color:var(--awb-color3);--button_gradient_top_color_hover:var(--awb-color4);--button_gradient_bottom_color_hover:var(--awb-color4);--button_typography-font-family:&quot;Montserrat&quot;;--button_typography-font-style:normal;--button_typography-font-weight:600;\" target=\"_self\" href=\"https:\/\/www.blaclinic.com\/index.php\/contact\/\"><span class=\"fusion-button-text awb-button__text awb-button__text--default\">CONTACTA CON NOSOTROS<\/span><\/a><\/div><\/div><\/div><div class=\"fusion-layout-column fusion_builder_column fusion-builder-column-6 fusion_builder_column_1_3 1_3 fusion-flex-column\" style=\"--awb-padding-top-small:60px;--awb-padding-right-small:60px;--awb-padding-bottom-small:60px;--awb-padding-left-small:60px;--awb-overflow:hidden;--awb-bg-position:center center;--awb-bg-size:cover;--awb-border-radius:8px 8px 8px 8px;--awb-transform:scaleX(1.10) scaleY(1.10);--awb-transform-hover:scaleX(1.10) scaleY(1.10);--awb-width-large:33.333333333333%;--awb-margin-top-large:30px;--awb-spacing-right-large:0px;--awb-margin-bottom-large:30px;--awb-spacing-left-large:-30PX;--awb-width-medium:33.333333333333%;--awb-order-medium:0;--awb-spacing-right-medium:0px;--awb-spacing-left-medium:-30PX;--awb-width-small:100%;--awb-order-small:0;--awb-spacing-right-small:1.92%;--awb-spacing-left-small:1.92%;\"><div class=\"fusion-column-wrapper lazyload fusion-column-has-shadow fusion-flex-justify-content-flex-start fusion-content-layout-column fusion-empty-column-bg-image fusion-column-has-bg-image\" data-bg-url=\"https:\/\/www.blaclinic.com\/wp-content\/uploads\/2025\/10\/logopedia-online.jpg\" data-bg=\"https:\/\/www.blaclinic.com\/wp-content\/uploads\/2025\/10\/logopedia-online.jpg\"><img decoding=\"async\" class=\"fusion-empty-dims-img-placeholder fusion-no-large-visibility fusion-no-medium-visibility\" aria-label=\"logopedia-online\" src=\"data:image\/svg+xml,%3Csvg%20xmlns%3D%27http%3A%2F%2Fwww.w3.org%2F2000%2Fsvg%27%20width%3D%27691%27%20height%3D%27655%27%20viewBox%3D%270%200%20691%20655%27%3E%3Crect%20width%3D%27691%27%20height%3D%27655%27%20fill-opacity%3D%220%22%2F%3E%3C%2Fsvg%3E\"><\/div><\/div><\/div><\/div><\/p>\n","protected":false},"excerpt":{"rendered":"","protected":false},"author":2,"featured_media":0,"parent":1456,"menu_order":0,"comment_status":"closed","ping_status":"closed","template":"100-width.php","meta":{"_joinchat":[],"footnotes":""},"class_list":["post-1495","page","type-page","status-publish","hentry"],"yoast_head":"<!-- This site is optimized with the Yoast SEO plugin v27.2 - https:\/\/yoast.com\/product\/yoast-seo-wordpress\/ -->\n<title>Hablo y me entienden - Mejorar la claridad del habla en adultos<\/title>\n<meta name=\"description\" content=\"Hablo y me entienden: si te cuesta hablar con claridad o que te entiendan, podemos ayudarte. Entrenamiento del habla para adultos en Granada.\" \/>\n<meta name=\"robots\" content=\"index, follow, max-snippet:-1, max-image-preview:large, max-video-preview:-1\" \/>\n<link rel=\"canonical\" href=\"https:\/\/www.blaclinic.com\/index.php\/servicios\/logopedia-adultos\/hablo-y-me-entienden\/\" \/>\n<meta property=\"og:locale\" content=\"es_ES\" \/>\n<meta property=\"og:type\" content=\"article\" \/>\n<meta property=\"og:title\" content=\"Hablo y me entienden - Mejorar la claridad del habla en adultos\" \/>\n<meta property=\"og:description\" content=\"Hablo y me entienden: si te cuesta hablar con claridad o que te entiendan, podemos ayudarte. Entrenamiento del habla para adultos en Granada.\" \/>\n<meta property=\"og:url\" content=\"https:\/\/www.blaclinic.com\/index.php\/servicios\/logopedia-adultos\/hablo-y-me-entienden\/\" \/>\n<meta property=\"og:site_name\" content=\"BlaClinic\" \/>\n<meta property=\"article:modified_time\" content=\"2025-11-19T09:14:40+00:00\" \/>\n<meta name=\"twitter:card\" content=\"summary_large_image\" \/>\n<meta name=\"twitter:label1\" content=\"Tiempo de lectura\" \/>\n\t<meta name=\"twitter:data1\" content=\"2 minutos\" \/>\n<script type=\"application\/ld+json\" class=\"yoast-schema-graph\">{\"@context\":\"https:\/\/schema.org\",\"@graph\":[{\"@type\":\"WebPage\",\"@id\":\"https:\/\/www.blaclinic.com\/index.php\/servicios\/logopedia-adultos\/hablo-y-me-entienden\/\",\"url\":\"https:\/\/www.blaclinic.com\/index.php\/servicios\/logopedia-adultos\/hablo-y-me-entienden\/\",\"name\":\"Hablo y me entienden - Mejorar la claridad del habla en adultos\",\"isPartOf\":{\"@id\":\"https:\/\/www.blaclinic.com\/#website\"},\"datePublished\":\"2025-10-15T17:31:15+00:00\",\"dateModified\":\"2025-11-19T09:14:40+00:00\",\"description\":\"Hablo y me entienden: si te cuesta hablar con claridad o que te entiendan, podemos ayudarte. Entrenamiento del habla para adultos en Granada.\",\"breadcrumb\":{\"@id\":\"https:\/\/www.blaclinic.com\/index.php\/servicios\/logopedia-adultos\/hablo-y-me-entienden\/#breadcrumb\"},\"inLanguage\":\"es\",\"potentialAction\":[{\"@type\":\"ReadAction\",\"target\":[\"https:\/\/www.blaclinic.com\/index.php\/servicios\/logopedia-adultos\/hablo-y-me-entienden\/\"]}]},{\"@type\":\"BreadcrumbList\",\"@id\":\"https:\/\/www.blaclinic.com\/index.php\/servicios\/logopedia-adultos\/hablo-y-me-entienden\/#breadcrumb\",\"itemListElement\":[{\"@type\":\"ListItem\",\"position\":1,\"name\":\"Portada\",\"item\":\"https:\/\/www.blaclinic.com\/\"},{\"@type\":\"ListItem\",\"position\":2,\"name\":\"Servicios\",\"item\":\"https:\/\/www.blaclinic.com\/index.php\/servicios\/\"},{\"@type\":\"ListItem\",\"position\":3,\"name\":\"Logopedia Adultos\",\"item\":\"https:\/\/www.blaclinic.com\/index.php\/servicios\/logopedia-adultos\/\"},{\"@type\":\"ListItem\",\"position\":4,\"name\":\"Hablo y Me Entienden\"}]},{\"@type\":\"WebSite\",\"@id\":\"https:\/\/www.blaclinic.com\/#website\",\"url\":\"https:\/\/www.blaclinic.com\/\",\"name\":\"BlaClinic\",\"description\":\"Logopedia Cl\u00ednica\",\"potentialAction\":[{\"@type\":\"SearchAction\",\"target\":{\"@type\":\"EntryPoint\",\"urlTemplate\":\"https:\/\/www.blaclinic.com\/?s={search_term_string}\"},\"query-input\":{\"@type\":\"PropertyValueSpecification\",\"valueRequired\":true,\"valueName\":\"search_term_string\"}}],\"inLanguage\":\"es\"}]}<\/script>\n<!-- \/ Yoast SEO plugin. -->","yoast_head_json":{"title":"Hablo y me entienden - Mejorar la claridad del habla en adultos","description":"Hablo y me entienden: si te cuesta hablar con claridad o que te entiendan, podemos ayudarte. Entrenamiento del habla para adultos en Granada.","robots":{"index":"index","follow":"follow","max-snippet":"max-snippet:-1","max-image-preview":"max-image-preview:large","max-video-preview":"max-video-preview:-1"},"canonical":"https:\/\/www.blaclinic.com\/index.php\/servicios\/logopedia-adultos\/hablo-y-me-entienden\/","og_locale":"es_ES","og_type":"article","og_title":"Hablo y me entienden - Mejorar la claridad del habla en adultos","og_description":"Hablo y me entienden: si te cuesta hablar con claridad o que te entiendan, podemos ayudarte. Entrenamiento del habla para adultos en Granada.","og_url":"https:\/\/www.blaclinic.com\/index.php\/servicios\/logopedia-adultos\/hablo-y-me-entienden\/","og_site_name":"BlaClinic","article_modified_time":"2025-11-19T09:14:40+00:00","twitter_card":"summary_large_image","twitter_misc":{"Tiempo de lectura":"2 minutos"},"schema":{"@context":"https:\/\/schema.org","@graph":[{"@type":"WebPage","@id":"https:\/\/www.blaclinic.com\/index.php\/servicios\/logopedia-adultos\/hablo-y-me-entienden\/","url":"https:\/\/www.blaclinic.com\/index.php\/servicios\/logopedia-adultos\/hablo-y-me-entienden\/","name":"Hablo y me entienden - Mejorar la claridad del habla en adultos","isPartOf":{"@id":"https:\/\/www.blaclinic.com\/#website"},"datePublished":"2025-10-15T17:31:15+00:00","dateModified":"2025-11-19T09:14:40+00:00","description":"Hablo y me entienden: si te cuesta hablar con claridad o que te entiendan, podemos ayudarte. Entrenamiento del habla para adultos en Granada.","breadcrumb":{"@id":"https:\/\/www.blaclinic.com\/index.php\/servicios\/logopedia-adultos\/hablo-y-me-entienden\/#breadcrumb"},"inLanguage":"es","potentialAction":[{"@type":"ReadAction","target":["https:\/\/www.blaclinic.com\/index.php\/servicios\/logopedia-adultos\/hablo-y-me-entienden\/"]}]},{"@type":"BreadcrumbList","@id":"https:\/\/www.blaclinic.com\/index.php\/servicios\/logopedia-adultos\/hablo-y-me-entienden\/#breadcrumb","itemListElement":[{"@type":"ListItem","position":1,"name":"Portada","item":"https:\/\/www.blaclinic.com\/"},{"@type":"ListItem","position":2,"name":"Servicios","item":"https:\/\/www.blaclinic.com\/index.php\/servicios\/"},{"@type":"ListItem","position":3,"name":"Logopedia Adultos","item":"https:\/\/www.blaclinic.com\/index.php\/servicios\/logopedia-adultos\/"},{"@type":"ListItem","position":4,"name":"Hablo y Me Entienden"}]},{"@type":"WebSite","@id":"https:\/\/www.blaclinic.com\/#website","url":"https:\/\/www.blaclinic.com\/","name":"BlaClinic","description":"Logopedia Cl\u00ednica","potentialAction":[{"@type":"SearchAction","target":{"@type":"EntryPoint","urlTemplate":"https:\/\/www.blaclinic.com\/?s={search_term_string}"},"query-input":{"@type":"PropertyValueSpecification","valueRequired":true,"valueName":"search_term_string"}}],"inLanguage":"es"}]}},"_links":{"self":[{"href":"https:\/\/www.blaclinic.com\/index.php\/wp-json\/wp\/v2\/pages\/1495","targetHints":{"allow":["GET"]}}],"collection":[{"href":"https:\/\/www.blaclinic.com\/index.php\/wp-json\/wp\/v2\/pages"}],"about":[{"href":"https:\/\/www.blaclinic.com\/index.php\/wp-json\/wp\/v2\/types\/page"}],"author":[{"embeddable":true,"href":"https:\/\/www.blaclinic.com\/index.php\/wp-json\/wp\/v2\/users\/2"}],"replies":[{"embeddable":true,"href":"https:\/\/www.blaclinic.com\/index.php\/wp-json\/wp\/v2\/comments?post=1495"}],"version-history":[{"count":9,"href":"https:\/\/www.blaclinic.com\/index.php\/wp-json\/wp\/v2\/pages\/1495\/revisions"}],"predecessor-version":[{"id":2144,"href":"https:\/\/www.blaclinic.com\/index.php\/wp-json\/wp\/v2\/pages\/1495\/revisions\/2144"}],"up":[{"embeddable":true,"href":"https:\/\/www.blaclinic.com\/index.php\/wp-json\/wp\/v2\/pages\/1456"}],"wp:attachment":[{"href":"https:\/\/www.blaclinic.com\/index.php\/wp-json\/wp\/v2\/media?parent=1495"}],"curies":[{"name":"wp","href":"https:\/\/api.w.org\/{rel}","templated":true}]}}